{"id":2756,"date":"2024-05-24T05:25:38","date_gmt":"2024-05-24T05:25:38","guid":{"rendered":"https:\/\/broachingmach.com\/?page_id=2756"},"modified":"2024-05-24T05:50:48","modified_gmt":"2024-05-24T05:50:48","slug":"servo-pull-up-internal-broaching-machine","status":"publish","type":"page","link":"https:\/\/broachingmach.com\/de\/servo-broaching-machine\/servo-pull-up-internal-broaching-machine\/","title":{"rendered":"Servo-Pull-Up-Innenr\u00e4ummaschine"},"content":{"rendered":"<div data-elementor-type=\"wp-page\" data-elementor-id=\"2756\" class=\"elementor elementor-2756\" data-elementor-post-type=\"page\">\n\t\t\t\t<div class=\"elementor-element elementor-element-a7a6949 e-flex e-con-boxed e-con e-parent\" data-id=\"a7a6949\" data-element_type=\"container\" data-e-type=\"container\" data-settings=\"{&quot;background_background&quot;:&quot;classic&quot;}\">\n\t\t\t\t\t<div class=\"e-con-inner\">\n\t\t<div class=\"elementor-element elementor-element-9ef5fed e-con-full e-flex e-con e-child\" data-id=\"9ef5fed\" data-element_type=\"container\" data-e-type=\"container\">\n\t\t\t\t<div class=\"elementor-element elementor-element-a8f6ad2 elementor-widget elementor-widget-heading\" data-id=\"a8f6ad2\" data-element_type=\"widget\" data-e-type=\"widget\" data-widget_type=\"heading.default\">\n\t\t\t\t<div class=\"elementor-widget-container\">\n\t\t\t\t\t<h1 class=\"elementor-heading-title elementor-size-default\">Servo-Pull-Up-Innenr\u00e4ummaschine<\/h1>\t\t\t\t<\/div>\n\t\t\t\t<\/div>\n\t\t\t\t<\/div>\n\t\t\t\t\t<\/div>\n\t\t\t\t<\/div>\n\t\t\t\t<section class=\"elementor-section elementor-top-section elementor-element elementor-element-4b340b0f elementor-section-boxed elementor-section-height-default elementor-section-height-default\" data-id=\"4b340b0f\" data-element_type=\"section\" data-e-type=\"section\">\n\t\t\t\t\t\t<div class=\"elementor-container elementor-column-gap-default\">\n\t\t\t\t\t<div class=\"elementor-column elementor-col-100 elementor-top-column elementor-element elementor-element-6b752db6\" data-id=\"6b752db6\" data-element_type=\"column\" data-e-type=\"column\">\n\t\t\t<div class=\"elementor-widget-wrap elementor-element-populated\">\n\t\t\t\t\t\t<div class=\"elementor-element elementor-element-39cab502 elementor-widget elementor-widget-breadcrumbs\" data-id=\"39cab502\" data-element_type=\"widget\" data-e-type=\"widget\" data-widget_type=\"breadcrumbs.default\">\n\t\t\t\t<div class=\"elementor-widget-container\">\n\t\t\t\t\t<nav aria-label=\"Semmelbr\u00f6sel\" class=\"rank-math-breadcrumb\"><p><span class=\"last\">Startseite<\/span><\/p><\/nav>\t\t\t\t<\/div>\n\t\t\t\t<\/div>\n\t\t\t\t\t<\/div>\n\t\t<\/div>\n\t\t\t\t\t<\/div>\n\t\t<\/section>\n\t\t<div class=\"elementor-element elementor-element-c39bfb3 e-flex e-con-boxed e-con e-parent\" data-id=\"c39bfb3\" data-element_type=\"container\" data-e-type=\"container\" data-settings=\"{&quot;background_background&quot;:&quot;classic&quot;}\">\n\t\t\t\t\t<div class=\"e-con-inner\">\n\t\t<div class=\"elementor-element elementor-element-42f27c9 e-con-full e-flex e-con e-child\" data-id=\"42f27c9\" data-element_type=\"container\" data-e-type=\"container\">\n\t\t\t\t<div class=\"elementor-element elementor-element-8c37661 elementor-widget__width-initial elementor-widget elementor-widget-image\" data-id=\"8c37661\" data-element_type=\"widget\" data-e-type=\"widget\" data-widget_type=\"image.default\">\n\t\t\t\t<div class=\"elementor-widget-container\">\n\t\t\t\t\t\t\t\t\t\t\t\t\t\t\t<img fetchpriority=\"high\" decoding=\"async\" width=\"1024\" height=\"768\" src=\"https:\/\/broachingmach.com\/wp-content\/uploads\/2024\/05\/a910fa4a-8e54-4649-b1a5-e75d43df64b4-1024x768.png\" class=\"attachment-large size-large wp-image-2789\" alt=\"Servo Pull-Up Internal Broaching Machine\" srcset=\"https:\/\/broachingmach.com\/wp-content\/uploads\/2024\/05\/a910fa4a-8e54-4649-b1a5-e75d43df64b4-1024x768.png 1024w, https:\/\/broachingmach.com\/wp-content\/uploads\/2024\/05\/a910fa4a-8e54-4649-b1a5-e75d43df64b4-300x225.png 300w, https:\/\/broachingmach.com\/wp-content\/uploads\/2024\/05\/a910fa4a-8e54-4649-b1a5-e75d43df64b4-768x576.png 768w, https:\/\/broachingmach.com\/wp-content\/uploads\/2024\/05\/a910fa4a-8e54-4649-b1a5-e75d43df64b4-1536x1152.png 1536w, https:\/\/broachingmach.com\/wp-content\/uploads\/2024\/05\/a910fa4a-8e54-4649-b1a5-e75d43df64b4.png 1600w\" sizes=\"(max-width: 1024px) 100vw, 1024px\" \/>\t\t\t\t\t\t\t\t\t\t\t\t\t\t\t<\/div>\n\t\t\t\t<\/div>\n\t\t\t\t<\/div>\n\t\t<div class=\"elementor-element elementor-element-8c42208 e-con-full e-flex e-con e-child\" data-id=\"8c42208\" data-element_type=\"container\" data-e-type=\"container\">\n\t\t\t\t<div class=\"elementor-element elementor-element-a68d9f4 elementor-widget elementor-widget-heading\" data-id=\"a68d9f4\" data-element_type=\"widget\" data-e-type=\"widget\" data-widget_type=\"heading.default\">\n\t\t\t\t<div class=\"elementor-widget-container\">\n\t\t\t\t\t<h2 class=\"elementor-heading-title elementor-size-default\">Servo-Pull-Up-Innenr\u00e4ummaschine<\/h2>\t\t\t\t<\/div>\n\t\t\t\t<\/div>\n\t\t\t\t<div class=\"elementor-element elementor-element-0a7dfc4 elementor-widget elementor-widget-text-editor\" data-id=\"0a7dfc4\" data-element_type=\"widget\" data-e-type=\"widget\" data-widget_type=\"text-editor.default\">\n\t\t\t\t<div class=\"elementor-widget-container\">\n\t\t\t\t\t\t\t\t\t<p>Hauptanwendung: Bearbeitung von Innenverzahnungen, Verzahnungen und Innenlochteilen.<\/p>\t\t\t\t\t\t\t\t<\/div>\n\t\t\t\t<\/div>\n\t\t\t\t<div class=\"elementor-element elementor-element-97fb587 elementor-mobile-align-center elementor-widget elementor-widget-button\" data-id=\"97fb587\" data-element_type=\"widget\" data-e-type=\"widget\" data-widget_type=\"button.default\">\n\t\t\t\t<div class=\"elementor-widget-container\">\n\t\t\t\t\t\t\t\t\t<div class=\"elementor-button-wrapper\">\n\t\t\t\t\t<a class=\"elementor-button elementor-button-link elementor-size-sm\" href=\"#elementor-action%3Aaction%3Dpopup%3Aopen%26settings%3DeyJpZCI6IjE3NzMiLCJ0b2dnbGUiOmZhbHNlfQ%3D%3D\">\n\t\t\t\t\t\t<span class=\"elementor-button-content-wrapper\">\n\t\t\t\t\t\t\t\t\t<span class=\"elementor-button-text\">Angebot einholen<\/span>\n\t\t\t\t\t<\/span>\n\t\t\t\t\t<\/a>\n\t\t\t\t<\/div>\n\t\t\t\t\t\t\t\t<\/div>\n\t\t\t\t<\/div>\n\t\t\t\t<\/div>\n\t\t\t\t\t<\/div>\n\t\t\t\t<\/div>\n\t\t<div class=\"elementor-element elementor-element-aed78e6 e-flex e-con-boxed e-con e-parent\" data-id=\"aed78e6\" data-element_type=\"container\" data-e-type=\"container\">\n\t\t\t\t\t<div class=\"e-con-inner\">\n\t\t<div class=\"elementor-element elementor-element-feced98 e-con-full e-flex e-con e-child\" data-id=\"feced98\" data-element_type=\"container\" data-e-type=\"container\">\n\t\t\t\t<div class=\"elementor-element elementor-element-a27b25e elementor-widget elementor-widget-heading\" data-id=\"a27b25e\" data-element_type=\"widget\" data-e-type=\"widget\" data-widget_type=\"heading.default\">\n\t\t\t\t<div class=\"elementor-widget-container\">\n\t\t\t\t\t<h2 class=\"elementor-heading-title elementor-size-default\">Produkte Beschreibung<\/h2>\t\t\t\t<\/div>\n\t\t\t\t<\/div>\n\t\t\t\t<div class=\"elementor-element elementor-element-aeafb9e elementor-widget elementor-widget-text-editor\" data-id=\"aeafb9e\" data-element_type=\"widget\" data-e-type=\"widget\" data-widget_type=\"text-editor.default\">\n\t\t\t\t<div class=\"elementor-widget-container\">\n\t\t\t\t\t\t\t\t\t<p><strong>Wichtigste Anwendungen:<\/strong>Bearbeitung von Innenverzahnungen, Innenkeilen und Innenlochteilen.<\/p><p><strong>Merkmale:<\/strong>Doppelspindel-Servoantrieb, um die gro\u00dfe Tonnage Verarbeitung, vollst\u00e4ndige Closed-Loop-Control-Synchronisation, hohe Verarbeitungsgenauigkeit, kleine Stellfl\u00e4che, bequeme Wartung, gr\u00fcn Umweltschutz, Energieeinsparung, ausgestattet mit Werkzeugwechsel-Mechanismus.<\/p><p><strong>Struktur:<\/strong>Vertikale Pull-Typ (Werkst\u00fcck mobil), R\u00e4umnadel voll Eskorte, Multi-Station Design verwendet werden kann.<\/p><p><strong>Technische Parameter<\/strong><\/p><div class=\"table-responsive\"><table class=\"table table-hover table table-striped\" border=\"1\" width=\"100%\" cellspacing=\"0\" cellpadding=\"0\"><tbody><tr class=\"firstRow\"><td align=\"center\"><strong>Modell<\/strong><\/td><td align=\"center\"><strong>LJ5105F<\/strong><\/td><td align=\"center\"><strong>LSG5705<\/strong><\/td><td align=\"center\"><strong>LSG5710<\/strong><\/td><td align=\"center\"><strong>LSG5720<\/strong><\/td><td align=\"center\"><strong>Einheit<\/strong><\/td><\/tr><tr><td align=\"center\">Nenn-Zugkraft<\/td><td align=\"center\">50<\/td><td align=\"center\">50<\/td><td align=\"center\">100<\/td><td align=\"center\">200<\/td><td align=\"center\">KN<\/td><\/tr><tr><td align=\"center\">Nennhub<\/td><td align=\"center\">800<\/td><td align=\"center\">800<\/td><td align=\"center\">1250<\/td><td align=\"center\">1600<\/td><td align=\"center\">mm<\/td><\/tr><tr><td align=\"center\">Maximale L\u00e4nge der R\u00e4umnadel<\/td><td align=\"center\">950<\/td><td align=\"center\">990<\/td><td align=\"center\">1400<\/td><td align=\"center\">1800<\/td><td align=\"center\">mm<\/td><\/tr><tr><td align=\"center\">Schnittgeschwindigkeit<\/td><td align=\"center\">1-6.4<\/td><td align=\"center\">1-8<\/td><td align=\"center\">1-10<\/td><td align=\"center\">1-10<\/td><td align=\"center\">m\/min<\/td><\/tr><tr><td align=\"center\">R\u00fccklaufgeschwindigkeit<\/td><td align=\"center\">1-6.4<\/td><td align=\"center\">1-8<\/td><td align=\"center\">1-15<\/td><td align=\"center\">1-15<\/td><td align=\"center\">m\/min<\/td><\/tr><tr><td align=\"center\">Vorschubgeschwindigkeit<\/td><td align=\"center\">1-5<\/td><td align=\"center\">1-5<\/td><td align=\"center\">1-5<\/td><td align=\"center\">1-5<\/td><td align=\"center\">m\/min<\/td><\/tr><tr><td align=\"center\">Hebegeschwindigkeit<\/td><td align=\"center\">1-6.4<\/td><td align=\"center\">1-10<\/td><td align=\"center\">1-10<\/td><td align=\"center\">1-10<\/td><td align=\"center\">m\/min<\/td><\/tr><tr><td align=\"center\">Bodenfl\u00e4che und H\u00f6he (L\u00d7B\u00d7H)<\/td><td align=\"center\">2200X1800X3200<\/td><td align=\"center\">2500X2300X3800<\/td><td align=\"center\">2500X2800X4300<\/td><td align=\"center\">2800X3300X5000<\/td><td align=\"center\">mm<\/td><\/tr><tr><td align=\"center\">Nettogewicht<\/td><td align=\"center\">3000<\/td><td align=\"center\">5500<\/td><td align=\"center\">12500<\/td><td align=\"center\">16000<\/td><td align=\"center\">Kg<\/td><\/tr><\/tbody><\/table><\/div>\t\t\t\t\t\t\t\t<\/div>\n\t\t\t\t<\/div>\n\t\t\t\t<\/div>\n\t\t\t\t\t<\/div>\n\t\t\t\t<\/div>\n\t\t\t\t<\/div>","protected":false},"excerpt":{"rendered":"<p>Servo Pull-Up Internal Broaching Machine Home Servo Pull-Up Internal Broaching Machine Main application: internal teeth, spline and inner hole parts [&hellip;]<\/p>","protected":false},"author":1,"featured_media":0,"parent":1652,"menu_order":0,"comment_status":"closed","ping_status":"closed","template":"","meta":{"site-sidebar-layout":"no-sidebar","site-content-layout":"page-builder","ast-site-content-layout":"full-width-container","site-content-style":"default","site-sidebar-style":"default","ast-global-header-display":"","ast-banner-title-visibility":"","ast-main-header-display":"","ast-hfb-above-header-display":"","ast-hfb-below-header-display":"","ast-hfb-mobile-header-display":"","site-post-title":"disabled","ast-breadcrumbs-content":"","ast-featured-img":"disabled","footer-sml-layout":"","theme-transparent-header-meta":"","adv-header-id-meta":"","stick-header-meta":"","header-above-stick-meta":"","header-main-stick-meta":"","header-below-stick-meta":"","astra-migrate-meta-layouts":"set","ast-page-background-enabled":"default","ast-page-background-meta":{"desktop":{"background-color":"","background-image":"","background-repeat":"repeat","background-position":"center center","background-size":"auto","background-attachment":"scroll","background-type":"","background-media":"","overlay-type":"","overlay-color":"","overlay-opacity":"","overlay-gradient":""},"tablet":{"background-color":"","background-image":"","background-repeat":"repeat","background-position":"center center","background-size":"auto","background-attachment":"scroll","background-type":"","background-media":"","overlay-type":"","overlay-color":"","overlay-opacity":"","overlay-gradient":""},"mobile":{"background-color":"","background-image":"","background-repeat":"repeat","background-position":"center center","background-size":"auto","background-attachment":"scroll","background-type":"","background-media":"","overlay-type":"","overlay-color":"","overlay-opacity":"","overlay-gradient":""}},"ast-content-background-meta":{"desktop":{"background-color":"var(--ast-global-color-5)","background-image":"","background-repeat":"repeat","background-position":"center center","background-size":"auto","background-attachment":"scroll","background-type":"","background-media":"","overlay-type":"","overlay-color":"","overlay-opacity":"","overlay-gradient":""},"tablet":{"background-color":"var(--ast-global-color-5)","background-image":"","background-repeat":"repeat","background-position":"center center","background-size":"auto","background-attachment":"scroll","background-type":"","background-media":"","overlay-type":"","overlay-color":"","overlay-opacity":"","overlay-gradient":""},"mobile":{"background-color":"var(--ast-global-color-5)","background-image":"","background-repeat":"repeat","background-position":"center center","background-size":"auto","background-attachment":"scroll","background-type":"","background-media":"","overlay-type":"","overlay-color":"","overlay-opacity":"","overlay-gradient":""}},"footnotes":""},"class_list":["post-2756","page","type-page","status-publish","hentry"],"_links":{"self":[{"href":"https:\/\/broachingmach.com\/de\/wp-json\/wp\/v2\/pages\/2756","targetHints":{"allow":["GET"]}}],"collection":[{"href":"https:\/\/broachingmach.com\/de\/wp-json\/wp\/v2\/pages"}],"about":[{"href":"https:\/\/broachingmach.com\/de\/wp-json\/wp\/v2\/types\/page"}],"author":[{"embeddable":true,"href":"https:\/\/broachingmach.com\/de\/wp-json\/wp\/v2\/users\/1"}],"replies":[{"embeddable":true,"href":"https:\/\/broachingmach.com\/de\/wp-json\/wp\/v2\/comments?post=2756"}],"version-history":[{"count":35,"href":"https:\/\/broachingmach.com\/de\/wp-json\/wp\/v2\/pages\/2756\/revisions"}],"predecessor-version":[{"id":2827,"href":"https:\/\/broachingmach.com\/de\/wp-json\/wp\/v2\/pages\/2756\/revisions\/2827"}],"up":[{"embeddable":true,"href":"https:\/\/broachingmach.com\/de\/wp-json\/wp\/v2\/pages\/1652"}],"wp:attachment":[{"href":"https:\/\/broachingmach.com\/de\/wp-json\/wp\/v2\/media?parent=2756"}],"curies":[{"name":"wp","href":"https:\/\/api.w.org\/{rel}","templated":true}]}}