{"id":3271,"date":"2024-05-24T08:11:13","date_gmt":"2024-05-24T08:11:13","guid":{"rendered":"https:\/\/broachingmach.com\/?page_id=3271"},"modified":"2024-05-24T08:14:17","modified_gmt":"2024-05-24T08:14:17","slug":"barrel-broaching-machine","status":"publish","type":"page","link":"https:\/\/broachingmach.com\/de\/surface-broaching-machine\/barrel-broaching-machine\/","title":{"rendered":"Trommelr\u00e4ummaschine"},"content":{"rendered":"<div data-elementor-type=\"wp-page\" data-elementor-id=\"3271\" class=\"elementor elementor-3271\" data-elementor-post-type=\"page\">\n\t\t\t\t<div class=\"elementor-element elementor-element-36b7cd5 e-flex e-con-boxed e-con e-parent\" data-id=\"36b7cd5\" data-element_type=\"container\" data-e-type=\"container\" data-settings=\"{&quot;background_background&quot;:&quot;classic&quot;}\">\n\t\t\t\t\t<div class=\"e-con-inner\">\n\t\t<div class=\"elementor-element elementor-element-44d89d70 e-con-full e-flex e-con e-child\" data-id=\"44d89d70\" data-element_type=\"container\" data-e-type=\"container\">\n\t\t\t\t<div class=\"elementor-element elementor-element-1725edc elementor-widget elementor-widget-heading\" data-id=\"1725edc\" data-element_type=\"widget\" data-e-type=\"widget\" data-widget_type=\"heading.default\">\n\t\t\t\t<div class=\"elementor-widget-container\">\n\t\t\t\t\t<h1 class=\"elementor-heading-title elementor-size-default\">Trommelr\u00e4ummaschine<\/h1>\t\t\t\t<\/div>\n\t\t\t\t<\/div>\n\t\t\t\t<\/div>\n\t\t\t\t\t<\/div>\n\t\t\t\t<\/div>\n\t\t<div class=\"elementor-element elementor-element-37e31d4d e-flex e-con-boxed e-con e-parent\" data-id=\"37e31d4d\" data-element_type=\"container\" data-e-type=\"container\" data-settings=\"{&quot;background_background&quot;:&quot;classic&quot;}\">\n\t\t\t\t\t<div class=\"e-con-inner\">\n\t\t<div class=\"elementor-element elementor-element-d2f589a e-con-full e-flex e-con e-child\" data-id=\"d2f589a\" data-element_type=\"container\" data-e-type=\"container\">\n\t\t\t\t<div class=\"elementor-element elementor-element-62d991f8 elementor-widget elementor-widget-breadcrumbs\" data-id=\"62d991f8\" data-element_type=\"widget\" data-e-type=\"widget\" data-widget_type=\"breadcrumbs.default\">\n\t\t\t\t<div class=\"elementor-widget-container\">\n\t\t\t\t\t<nav aria-label=\"Semmelbr\u00f6sel\" class=\"rank-math-breadcrumb\"><p><span class=\"last\">Startseite<\/span><\/p><\/nav>\t\t\t\t<\/div>\n\t\t\t\t<\/div>\n\t\t\t\t<\/div>\n\t\t\t\t\t<\/div>\n\t\t\t\t<\/div>\n\t\t<div class=\"elementor-element elementor-element-4d41b022 e-flex e-con-boxed e-con e-parent\" data-id=\"4d41b022\" data-element_type=\"container\" data-e-type=\"container\" data-settings=\"{&quot;background_background&quot;:&quot;classic&quot;}\">\n\t\t\t\t\t<div class=\"e-con-inner\">\n\t\t<div class=\"elementor-element elementor-element-6a8b140a e-con-full e-flex e-con e-child\" data-id=\"6a8b140a\" data-element_type=\"container\" data-e-type=\"container\">\n\t\t\t\t<div class=\"elementor-element elementor-element-c0e3f3e elementor-widget__width-initial elementor-widget elementor-widget-image\" data-id=\"c0e3f3e\" data-element_type=\"widget\" data-e-type=\"widget\" data-widget_type=\"image.default\">\n\t\t\t\t<div class=\"elementor-widget-container\">\n\t\t\t\t\t\t\t\t\t\t\t\t\t\t\t<img fetchpriority=\"high\" decoding=\"async\" width=\"800\" height=\"600\" src=\"https:\/\/broachingmach.com\/wp-content\/uploads\/2024\/05\/c83587ae-94fa-4b15-abb8-9dc21c340d8a.png\" class=\"elementor-animation-pulse-shrink attachment-large size-large wp-image-3300\" alt=\"Barrel Broaching Machine\" srcset=\"https:\/\/broachingmach.com\/wp-content\/uploads\/2024\/05\/c83587ae-94fa-4b15-abb8-9dc21c340d8a.png 800w, https:\/\/broachingmach.com\/wp-content\/uploads\/2024\/05\/c83587ae-94fa-4b15-abb8-9dc21c340d8a-300x225.png 300w, https:\/\/broachingmach.com\/wp-content\/uploads\/2024\/05\/c83587ae-94fa-4b15-abb8-9dc21c340d8a-768x576.png 768w\" sizes=\"(max-width: 800px) 100vw, 800px\" \/>\t\t\t\t\t\t\t\t\t\t\t\t\t\t\t<\/div>\n\t\t\t\t<\/div>\n\t\t\t\t<\/div>\n\t\t<div class=\"elementor-element elementor-element-7828ff85 e-con-full e-flex e-con e-child\" data-id=\"7828ff85\" data-element_type=\"container\" data-e-type=\"container\">\n\t\t\t\t<div class=\"elementor-element elementor-element-5938aa30 elementor-widget elementor-widget-heading\" data-id=\"5938aa30\" data-element_type=\"widget\" data-e-type=\"widget\" data-widget_type=\"heading.default\">\n\t\t\t\t<div class=\"elementor-widget-container\">\n\t\t\t\t\t<h2 class=\"elementor-heading-title elementor-size-default\">Trommelr\u00e4ummaschine<\/h2>\t\t\t\t<\/div>\n\t\t\t\t<\/div>\n\t\t\t\t<div class=\"elementor-element elementor-element-1f9c1aaa elementor-widget elementor-widget-text-editor\" data-id=\"1f9c1aaa\" data-element_type=\"widget\" data-e-type=\"widget\" data-widget_type=\"text-editor.default\">\n\t\t\t\t<div class=\"elementor-widget-container\">\n\t\t\t\t\t\t\t\t\t<div class=\"e_richText-44 s_title clearfix wd-scroll-animation wd-scroll-in wd-scrolled response-transition\"><div class=\"e_richText-44 s_title clearfix wd-scroll-animation wd-scroll-in wd-scrolled response-transition\">Hauptanwendung: Bearbeitung von Au\u00dfenzahnr\u00e4dern, Au\u00dfenverzahnungen und Teilen mit spezifischen Umfangskonturen.<\/div><div class=\"e_container-23 s_layout response-transition\"><div class=\"cbox-23-0 p_item\">\u00a0<\/div><\/div><\/div><div class=\"e_container-23 s_layout response-transition\"><div class=\"cbox-23-0 p_item\">\u00a0<\/div><\/div>\t\t\t\t\t\t\t\t<\/div>\n\t\t\t\t<\/div>\n\t\t\t\t<div class=\"elementor-element elementor-element-7e784d87 elementor-mobile-align-center elementor-widget elementor-widget-button\" data-id=\"7e784d87\" data-element_type=\"widget\" data-e-type=\"widget\" data-widget_type=\"button.default\">\n\t\t\t\t<div class=\"elementor-widget-container\">\n\t\t\t\t\t\t\t\t\t<div class=\"elementor-button-wrapper\">\n\t\t\t\t\t<a class=\"elementor-button elementor-button-link elementor-size-sm\" href=\"#elementor-action%3Aaction%3Dpopup%3Aopen%26settings%3DeyJpZCI6IjE3NzMiLCJ0b2dnbGUiOmZhbHNlfQ%3D%3D\">\n\t\t\t\t\t\t<span class=\"elementor-button-content-wrapper\">\n\t\t\t\t\t\t\t\t\t<span class=\"elementor-button-text\">Angebot einholen<\/span>\n\t\t\t\t\t<\/span>\n\t\t\t\t\t<\/a>\n\t\t\t\t<\/div>\n\t\t\t\t\t\t\t\t<\/div>\n\t\t\t\t<\/div>\n\t\t\t\t<\/div>\n\t\t\t\t\t<\/div>\n\t\t\t\t<\/div>\n\t\t<div class=\"elementor-element elementor-element-7ff21397 e-flex e-con-boxed e-con e-parent\" data-id=\"7ff21397\" data-element_type=\"container\" data-e-type=\"container\">\n\t\t\t\t\t<div class=\"e-con-inner\">\n\t\t<div class=\"elementor-element elementor-element-f7e7e51 e-con-full e-flex e-con e-child\" data-id=\"f7e7e51\" data-element_type=\"container\" data-e-type=\"container\">\n\t\t\t\t<div class=\"elementor-element elementor-element-5bfd0695 elementor-widget elementor-widget-heading\" data-id=\"5bfd0695\" data-element_type=\"widget\" data-e-type=\"widget\" data-widget_type=\"heading.default\">\n\t\t\t\t<div class=\"elementor-widget-container\">\n\t\t\t\t\t<h2 class=\"elementor-heading-title elementor-size-default\">Produkte Beschreibung<\/h2>\t\t\t\t<\/div>\n\t\t\t\t<\/div>\n\t\t\t\t<div class=\"elementor-element elementor-element-20b095ab elementor-widget elementor-widget-text-editor\" data-id=\"20b095ab\" data-element_type=\"widget\" data-e-type=\"widget\" data-widget_type=\"text-editor.default\">\n\t\t\t\t<div class=\"elementor-widget-container\">\n\t\t\t\t\t\t\t\t\t<p><strong>Wichtigste Anwendungen:<\/strong>Bearbeitung von Au\u00dfenverzahnungen, Au\u00dfenverzahnungen und Umfangskonturen von Teilen mit besonderen Formen.<\/p><p><strong>Merkmale:<\/strong>Je nach den Anforderungen der Teile wird die Messerwalze kundenspezifisch angepasst, und der Messerbalken (Grobzeichnung) und der Messerring (Feinzeichnung) werden in der Walze verteilt.<\/p><p><strong>Struktur:<\/strong>Vertikal (bewegtes Werkst\u00fcck).<\/p><p><strong>Technische Parameter<\/strong><\/p><div class=\"table-responsive\"><table border=\"1\" width=\"100%\" cellspacing=\"0\" cellpadding=\"0\"><tbody><tr class=\"firstRow\"><td><p><strong>Spezifikation<\/strong><\/p><\/td><td><strong>Nummer<\/strong><\/td><td><strong>Einheit<\/strong><\/td><\/tr><tr><td>Nenn-Zugkraft<\/td><td>200<\/td><td>KN<\/td><\/tr><tr><td>Skateboard Hubl\u00e4nge<\/td><td>1600<\/td><td>mm<\/td><\/tr><tr><td>Arbeitshubgeschwindigkeit (stufenlose Geschwindigkeitsregelung)<\/td><td>1.5-6<\/td><td>m\/min<\/td><\/tr><tr><td>R\u00fccklaufgeschwindigkeit (stufenlose Geschwindigkeitsregelung)<\/td><td>3-15<\/td><td>m\/min<\/td><\/tr><tr><td>L\u00e4nge des Werkzeugs<\/td><td>1250<\/td><td>mm<\/td><\/tr><tr><td>Strom<\/td><td>46<\/td><td>KW<\/td><\/tr><tr><td>Grundfl\u00e4che der Maschine (L\u00d7B\u00d7H)<\/td><td>4200 \u00d7 3200 \u00d7 6300<\/td><td>mm<\/td><\/tr><tr><td>Nettogewicht<\/td><td>29000<\/td><td>kg<\/td><\/tr><\/tbody><\/table><\/div><div class=\"table-responsive\">\u00a0<\/div>\t\t\t\t\t\t\t\t<\/div>\n\t\t\t\t<\/div>\n\t\t\t\t<\/div>\n\t\t\t\t\t<\/div>\n\t\t\t\t<\/div>\n\t\t\t\t<\/div>","protected":false},"excerpt":{"rendered":"<p>Barrel Broaching Machine Home Barrel Broaching Machine Main application: external gear, external spline and peripheral contour specific shape parts processing.\u00a0\u00a0 [&hellip;]<\/p>","protected":false},"author":1,"featured_media":0,"parent":1650,"menu_order":0,"comment_status":"closed","ping_status":"closed","template":"","meta":{"site-sidebar-layout":"no-sidebar","site-content-layout":"page-builder","ast-site-content-layout":"full-width-container","site-content-style":"default","site-sidebar-style":"default","ast-global-header-display":"","ast-banner-title-visibility":"","ast-main-header-display":"","ast-hfb-above-header-display":"","ast-hfb-below-header-display":"","ast-hfb-mobile-header-display":"","site-post-title":"disabled","ast-breadcrumbs-content":"","ast-featured-img":"disabled","footer-sml-layout":"","theme-transparent-header-meta":"","adv-header-id-meta":"","stick-header-meta":"","header-above-stick-meta":"","header-main-stick-meta":"","header-below-stick-meta":"","astra-migrate-meta-layouts":"set","ast-page-background-enabled":"default","ast-page-background-meta":{"desktop":{"background-color":"","background-image":"","background-repeat":"repeat","background-position":"center center","background-size":"auto","background-attachment":"scroll","background-type":"","background-media":"","overlay-type":"","overlay-color":"","overlay-opacity":"","overlay-gradient":""},"tablet":{"background-color":"","background-image":"","background-repeat":"repeat","background-position":"center center","background-size":"auto","background-attachment":"scroll","background-type":"","background-media":"","overlay-type":"","overlay-color":"","overlay-opacity":"","overlay-gradient":""},"mobile":{"background-color":"","background-image":"","background-repeat":"repeat","background-position":"center center","background-size":"auto","background-attachment":"scroll","background-type":"","background-media":"","overlay-type":"","overlay-color":"","overlay-opacity":"","overlay-gradient":""}},"ast-content-background-meta":{"desktop":{"background-color":"var(--ast-global-color-5)","background-image":"","background-repeat":"repeat","background-position":"center center","background-size":"auto","background-attachment":"scroll","background-type":"","background-media":"","overlay-type":"","overlay-color":"","overlay-opacity":"","overlay-gradient":""},"tablet":{"background-color":"var(--ast-global-color-5)","background-image":"","background-repeat":"repeat","background-position":"center center","background-size":"auto","background-attachment":"scroll","background-type":"","background-media":"","overlay-type":"","overlay-color":"","overlay-opacity":"","overlay-gradient":""},"mobile":{"background-color":"var(--ast-global-color-5)","background-image":"","background-repeat":"repeat","background-position":"center center","background-size":"auto","background-attachment":"scroll","background-type":"","background-media":"","overlay-type":"","overlay-color":"","overlay-opacity":"","overlay-gradient":""}},"footnotes":""},"class_list":["post-3271","page","type-page","status-publish","hentry"],"_links":{"self":[{"href":"https:\/\/broachingmach.com\/de\/wp-json\/wp\/v2\/pages\/3271","targetHints":{"allow":["GET"]}}],"collection":[{"href":"https:\/\/broachingmach.com\/de\/wp-json\/wp\/v2\/pages"}],"about":[{"href":"https:\/\/broachingmach.com\/de\/wp-json\/wp\/v2\/types\/page"}],"author":[{"embeddable":true,"href":"https:\/\/broachingmach.com\/de\/wp-json\/wp\/v2\/users\/1"}],"replies":[{"embeddable":true,"href":"https:\/\/broachingmach.com\/de\/wp-json\/wp\/v2\/comments?post=3271"}],"version-history":[{"count":10,"href":"https:\/\/broachingmach.com\/de\/wp-json\/wp\/v2\/pages\/3271\/revisions"}],"predecessor-version":[{"id":3317,"href":"https:\/\/broachingmach.com\/de\/wp-json\/wp\/v2\/pages\/3271\/revisions\/3317"}],"up":[{"embeddable":true,"href":"https:\/\/broachingmach.com\/de\/wp-json\/wp\/v2\/pages\/1650"}],"wp:attachment":[{"href":"https:\/\/broachingmach.com\/de\/wp-json\/wp\/v2\/media?parent=3271"}],"curies":[{"name":"wp","href":"https:\/\/api.w.org\/{rel}","templated":true}]}}