{"id":3385,"date":"2024-05-24T08:29:24","date_gmt":"2024-05-24T08:29:24","guid":{"rendered":"https:\/\/broachingmach.com\/?page_id=3385"},"modified":"2024-05-24T08:32:42","modified_gmt":"2024-05-24T08:32:42","slug":"steering-wheel-broaching-machine","status":"publish","type":"page","link":"https:\/\/broachingmach.com\/de\/surface-broaching-machine\/steering-wheel-broaching-machine\/","title":{"rendered":"Lenkrad-R\u00e4ummaschine"},"content":{"rendered":"<div data-elementor-type=\"wp-page\" data-elementor-id=\"3385\" class=\"elementor elementor-3385\" data-elementor-post-type=\"page\">\n\t\t\t\t<div class=\"elementor-element elementor-element-2af2a46f e-flex e-con-boxed e-con e-parent\" data-id=\"2af2a46f\" data-element_type=\"container\" data-e-type=\"container\" data-settings=\"{&quot;background_background&quot;:&quot;classic&quot;}\">\n\t\t\t\t\t<div class=\"e-con-inner\">\n\t\t<div class=\"elementor-element elementor-element-12bbe88e e-con-full e-flex e-con e-child\" data-id=\"12bbe88e\" data-element_type=\"container\" data-e-type=\"container\">\n\t\t\t\t<div class=\"elementor-element elementor-element-5e647d2b elementor-widget elementor-widget-heading\" data-id=\"5e647d2b\" data-element_type=\"widget\" data-e-type=\"widget\" data-widget_type=\"heading.default\">\n\t\t\t\t<div class=\"elementor-widget-container\">\n\t\t\t\t\t<h1 class=\"elementor-heading-title elementor-size-default\">Lenkrad-R\u00e4ummaschine<\/h1>\t\t\t\t<\/div>\n\t\t\t\t<\/div>\n\t\t\t\t<\/div>\n\t\t\t\t\t<\/div>\n\t\t\t\t<\/div>\n\t\t<div class=\"elementor-element elementor-element-34f56088 e-flex e-con-boxed e-con e-parent\" data-id=\"34f56088\" data-element_type=\"container\" data-e-type=\"container\" data-settings=\"{&quot;background_background&quot;:&quot;classic&quot;}\">\n\t\t\t\t\t<div class=\"e-con-inner\">\n\t\t<div class=\"elementor-element elementor-element-3d035e73 e-con-full e-flex e-con e-child\" data-id=\"3d035e73\" data-element_type=\"container\" data-e-type=\"container\">\n\t\t\t\t<div class=\"elementor-element elementor-element-3a5b6bd6 elementor-widget elementor-widget-breadcrumbs\" data-id=\"3a5b6bd6\" data-element_type=\"widget\" data-e-type=\"widget\" data-widget_type=\"breadcrumbs.default\">\n\t\t\t\t<div class=\"elementor-widget-container\">\n\t\t\t\t\t<nav aria-label=\"Semmelbr\u00f6sel\" class=\"rank-math-breadcrumb\"><p><span class=\"last\">Startseite<\/span><\/p><\/nav>\t\t\t\t<\/div>\n\t\t\t\t<\/div>\n\t\t\t\t<\/div>\n\t\t\t\t\t<\/div>\n\t\t\t\t<\/div>\n\t\t<div class=\"elementor-element elementor-element-65d4cfd8 e-flex e-con-boxed e-con e-parent\" data-id=\"65d4cfd8\" data-element_type=\"container\" data-e-type=\"container\" data-settings=\"{&quot;background_background&quot;:&quot;classic&quot;}\">\n\t\t\t\t\t<div class=\"e-con-inner\">\n\t\t<div class=\"elementor-element elementor-element-76b543c3 e-con-full e-flex e-con e-child\" data-id=\"76b543c3\" data-element_type=\"container\" data-e-type=\"container\">\n\t\t\t\t<div class=\"elementor-element elementor-element-4b972891 elementor-widget__width-initial elementor-widget elementor-widget-image\" data-id=\"4b972891\" data-element_type=\"widget\" data-e-type=\"widget\" data-widget_type=\"image.default\">\n\t\t\t\t<div class=\"elementor-widget-container\">\n\t\t\t\t\t\t\t\t\t\t\t\t\t\t\t<img fetchpriority=\"high\" decoding=\"async\" width=\"800\" height=\"600\" src=\"https:\/\/broachingmach.com\/wp-content\/uploads\/2024\/05\/fe96a893-6c7b-421a-adce-3854842eced6.jpg\" class=\"elementor-animation-pulse-shrink attachment-large size-large wp-image-3392\" alt=\"Steering Wheel Broaching Machine\" srcset=\"https:\/\/broachingmach.com\/wp-content\/uploads\/2024\/05\/fe96a893-6c7b-421a-adce-3854842eced6.jpg 800w, https:\/\/broachingmach.com\/wp-content\/uploads\/2024\/05\/fe96a893-6c7b-421a-adce-3854842eced6-300x225.jpg 300w, https:\/\/broachingmach.com\/wp-content\/uploads\/2024\/05\/fe96a893-6c7b-421a-adce-3854842eced6-768x576.jpg 768w\" sizes=\"(max-width: 800px) 100vw, 800px\" \/>\t\t\t\t\t\t\t\t\t\t\t\t\t\t\t<\/div>\n\t\t\t\t<\/div>\n\t\t\t\t<\/div>\n\t\t<div class=\"elementor-element elementor-element-4a8c33b1 e-con-full e-flex e-con e-child\" data-id=\"4a8c33b1\" data-element_type=\"container\" data-e-type=\"container\">\n\t\t\t\t<div class=\"elementor-element elementor-element-623de11a elementor-widget elementor-widget-heading\" data-id=\"623de11a\" data-element_type=\"widget\" data-e-type=\"widget\" data-widget_type=\"heading.default\">\n\t\t\t\t<div class=\"elementor-widget-container\">\n\t\t\t\t\t<h2 class=\"elementor-heading-title elementor-size-default\">Lenkrad-R\u00e4ummaschine<\/h2>\t\t\t\t<\/div>\n\t\t\t\t<\/div>\n\t\t\t\t<div class=\"elementor-element elementor-element-2cc72edc elementor-widget elementor-widget-text-editor\" data-id=\"2cc72edc\" data-element_type=\"widget\" data-e-type=\"widget\" data-widget_type=\"text-editor.default\">\n\t\t\t\t<div class=\"elementor-widget-container\">\n\t\t\t\t\t\t\t\t\t<div class=\"e_richText-44 s_title clearfix wd-scroll-animation wd-scroll-in wd-scrolled response-transition\"><div class=\"e_richText-44 s_title clearfix wd-scroll-animation wd-scroll-in wd-scrolled response-transition\">Main application: automobile steering wheel spline processing.<\/div><div class=\"e_container-23 s_layout response-transition\"><div class=\"cbox-23-0 p_item\">\u00a0<\/div><\/div><\/div><div class=\"e_container-23 s_layout response-transition\"><div class=\"cbox-23-0 p_item\">\u00a0<\/div><\/div>\t\t\t\t\t\t\t\t<\/div>\n\t\t\t\t<\/div>\n\t\t\t\t<div class=\"elementor-element elementor-element-b0912f5 elementor-mobile-align-center elementor-widget elementor-widget-button\" data-id=\"b0912f5\" data-element_type=\"widget\" data-e-type=\"widget\" data-widget_type=\"button.default\">\n\t\t\t\t<div class=\"elementor-widget-container\">\n\t\t\t\t\t\t\t\t\t<div class=\"elementor-button-wrapper\">\n\t\t\t\t\t<a class=\"elementor-button elementor-button-link elementor-size-sm\" href=\"#elementor-action%3Aaction%3Dpopup%3Aopen%26settings%3DeyJpZCI6IjE3NzMiLCJ0b2dnbGUiOmZhbHNlfQ%3D%3D\">\n\t\t\t\t\t\t<span class=\"elementor-button-content-wrapper\">\n\t\t\t\t\t\t\t\t\t<span class=\"elementor-button-text\">Angebot einholen<\/span>\n\t\t\t\t\t<\/span>\n\t\t\t\t\t<\/a>\n\t\t\t\t<\/div>\n\t\t\t\t\t\t\t\t<\/div>\n\t\t\t\t<\/div>\n\t\t\t\t<\/div>\n\t\t\t\t\t<\/div>\n\t\t\t\t<\/div>\n\t\t<div class=\"elementor-element elementor-element-2f4e7db0 e-flex e-con-boxed e-con e-parent\" data-id=\"2f4e7db0\" data-element_type=\"container\" data-e-type=\"container\">\n\t\t\t\t\t<div class=\"e-con-inner\">\n\t\t<div class=\"elementor-element elementor-element-7d9008f8 e-con-full e-flex e-con e-child\" data-id=\"7d9008f8\" data-element_type=\"container\" data-e-type=\"container\">\n\t\t\t\t<div class=\"elementor-element elementor-element-70142c9f elementor-widget elementor-widget-heading\" data-id=\"70142c9f\" data-element_type=\"widget\" data-e-type=\"widget\" data-widget_type=\"heading.default\">\n\t\t\t\t<div class=\"elementor-widget-container\">\n\t\t\t\t\t<h2 class=\"elementor-heading-title elementor-size-default\">Produkte Beschreibung<\/h2>\t\t\t\t<\/div>\n\t\t\t\t<\/div>\n\t\t\t\t<div class=\"elementor-element elementor-element-6f4e20fd elementor-widget elementor-widget-text-editor\" data-id=\"6f4e20fd\" data-element_type=\"widget\" data-e-type=\"widget\" data-widget_type=\"text-editor.default\">\n\t\t\t\t<div class=\"elementor-widget-container\">\n\t\t\t\t\t\t\t\t\t<p><strong>Wichtigste Anwendungen:<\/strong>Automobile steering wheel internal spline processing.<\/p><p><strong>Merkmale:<\/strong>The turning or sliding blanking mechanism is adopted. Due to the large volume of the steering wheel, the internal space of the machine tool is optimized as a whole, which is convenient for loading and unloading. The steering wheel usually uses magnesium aluminum alloy, which has extremely high requirements for the environment, so the machine tool has been designed accordingly in terms of anti-corrosion and fire prevention.<\/p><p><strong>Struktur:<\/strong>Vertical pull type (workpiece mobile), broaching full escort.<\/p><p><strong>Technische Parameter<\/strong><\/p><div class=\"table-responsive\"><table border=\"1\" width=\"100%\" cellspacing=\"0\" cellpadding=\"0\"><tbody><tr class=\"firstRow\"><td><p><strong>Spezifikation<\/strong><\/p><\/td><td><strong>Nummer<\/strong><\/td><td><strong>Einheit<\/strong><\/td><\/tr><tr><td>Nenn-Zugkraft<\/td><td>50<\/td><td>KN<\/td><\/tr><tr><td>Skateboard Hubl\u00e4nge<\/td><td>800<\/td><td>mm<\/td><\/tr><tr><td>Arbeitshubgeschwindigkeit (stufenlose Geschwindigkeitsregelung)<\/td><td>1.5-6<\/td><td>m\/min<\/td><\/tr><tr><td>R\u00fccklaufgeschwindigkeit (stufenlose Geschwindigkeitsregelung)<\/td><td>3-15<\/td><td>m\/min<\/td><\/tr><tr><td>Number of broaching stations<\/td><td>1<\/td><td>\/<\/td><\/tr><tr><td>Strom<\/td><td>18<\/td><td>KW<\/td><\/tr><tr><td>Grundfl\u00e4che der Maschine (L\u00d7B\u00d7H)<\/td><td>3000\u00d71600\u00d73600<\/td><td>mm<\/td><\/tr><tr><td>Nettogewicht<\/td><td>5000<\/td><td>kg<\/td><\/tr><\/tbody><\/table><\/div><div class=\"table-responsive\">\u00a0<\/div>\t\t\t\t\t\t\t\t<\/div>\n\t\t\t\t<\/div>\n\t\t\t\t<\/div>\n\t\t\t\t\t<\/div>\n\t\t\t\t<\/div>\n\t\t\t\t<\/div>","protected":false},"excerpt":{"rendered":"<p>Steering Wheel Broaching Machine Home Steering Wheel Broaching Machine Main application: automobile steering wheel spline processing.\u00a0\u00a0 Get Quote Products Description [&hellip;]<\/p>","protected":false},"author":1,"featured_media":0,"parent":1650,"menu_order":0,"comment_status":"closed","ping_status":"closed","template":"","meta":{"site-sidebar-layout":"no-sidebar","site-content-layout":"page-builder","ast-site-content-layout":"full-width-container","site-content-style":"default","site-sidebar-style":"default","ast-global-header-display":"","ast-banner-title-visibility":"","ast-main-header-display":"","ast-hfb-above-header-display":"","ast-hfb-below-header-display":"","ast-hfb-mobile-header-display":"","site-post-title":"disabled","ast-breadcrumbs-content":"","ast-featured-img":"disabled","footer-sml-layout":"","theme-transparent-header-meta":"","adv-header-id-meta":"","stick-header-meta":"","header-above-stick-meta":"","header-main-stick-meta":"","header-below-stick-meta":"","astra-migrate-meta-layouts":"set","ast-page-background-enabled":"default","ast-page-background-meta":{"desktop":{"background-color":"","background-image":"","background-repeat":"repeat","background-position":"center center","background-size":"auto","background-attachment":"scroll","background-type":"","background-media":"","overlay-type":"","overlay-color":"","overlay-opacity":"","overlay-gradient":""},"tablet":{"background-color":"","background-image":"","background-repeat":"repeat","background-position":"center center","background-size":"auto","background-attachment":"scroll","background-type":"","background-media":"","overlay-type":"","overlay-color":"","overlay-opacity":"","overlay-gradient":""},"mobile":{"background-color":"","background-image":"","background-repeat":"repeat","background-position":"center center","background-size":"auto","background-attachment":"scroll","background-type":"","background-media":"","overlay-type":"","overlay-color":"","overlay-opacity":"","overlay-gradient":""}},"ast-content-background-meta":{"desktop":{"background-color":"var(--ast-global-color-5)","background-image":"","background-repeat":"repeat","background-position":"center center","background-size":"auto","background-attachment":"scroll","background-type":"","background-media":"","overlay-type":"","overlay-color":"","overlay-opacity":"","overlay-gradient":""},"tablet":{"background-color":"var(--ast-global-color-5)","background-image":"","background-repeat":"repeat","background-position":"center center","background-size":"auto","background-attachment":"scroll","background-type":"","background-media":"","overlay-type":"","overlay-color":"","overlay-opacity":"","overlay-gradient":""},"mobile":{"background-color":"var(--ast-global-color-5)","background-image":"","background-repeat":"repeat","background-position":"center center","background-size":"auto","background-attachment":"scroll","background-type":"","background-media":"","overlay-type":"","overlay-color":"","overlay-opacity":"","overlay-gradient":""}},"footnotes":""},"class_list":["post-3385","page","type-page","status-publish","hentry"],"_links":{"self":[{"href":"https:\/\/broachingmach.com\/de\/wp-json\/wp\/v2\/pages\/3385","targetHints":{"allow":["GET"]}}],"collection":[{"href":"https:\/\/broachingmach.com\/de\/wp-json\/wp\/v2\/pages"}],"about":[{"href":"https:\/\/broachingmach.com\/de\/wp-json\/wp\/v2\/types\/page"}],"author":[{"embeddable":true,"href":"https:\/\/broachingmach.com\/de\/wp-json\/wp\/v2\/users\/1"}],"replies":[{"embeddable":true,"href":"https:\/\/broachingmach.com\/de\/wp-json\/wp\/v2\/comments?post=3385"}],"version-history":[{"count":8,"href":"https:\/\/broachingmach.com\/de\/wp-json\/wp\/v2\/pages\/3385\/revisions"}],"predecessor-version":[{"id":3399,"href":"https:\/\/broachingmach.com\/de\/wp-json\/wp\/v2\/pages\/3385\/revisions\/3399"}],"up":[{"embeddable":true,"href":"https:\/\/broachingmach.com\/de\/wp-json\/wp\/v2\/pages\/1650"}],"wp:attachment":[{"href":"https:\/\/broachingmach.com\/de\/wp-json\/wp\/v2\/media?parent=3385"}],"curies":[{"name":"wp","href":"https:\/\/api.w.org\/{rel}","templated":true}]}}