{"id":3389,"date":"2024-05-24T08:44:10","date_gmt":"2024-05-24T08:44:10","guid":{"rendered":"https:\/\/broachingmach.com\/?page_id=3389"},"modified":"2024-05-24T08:47:28","modified_gmt":"2024-05-24T08:47:28","slug":"pipe-main-valve-broaching-machine","status":"publish","type":"page","link":"https:\/\/broachingmach.com\/de\/surface-broaching-machine\/pipe-main-valve-broaching-machine\/","title":{"rendered":"Rohrhauptventil R\u00e4ummaschine"},"content":{"rendered":"<div data-elementor-type=\"wp-page\" data-elementor-id=\"3389\" class=\"elementor elementor-3389\" data-elementor-post-type=\"page\">\n\t\t\t\t<div class=\"elementor-element elementor-element-10af0a5b e-flex e-con-boxed e-con e-parent\" data-id=\"10af0a5b\" data-element_type=\"container\" data-e-type=\"container\" data-settings=\"{&quot;background_background&quot;:&quot;classic&quot;}\">\n\t\t\t\t\t<div class=\"e-con-inner\">\n\t\t<div class=\"elementor-element elementor-element-4ce41a35 e-con-full e-flex e-con e-child\" data-id=\"4ce41a35\" data-element_type=\"container\" data-e-type=\"container\">\n\t\t\t\t<div class=\"elementor-element elementor-element-63ae13d4 elementor-widget elementor-widget-heading\" data-id=\"63ae13d4\" data-element_type=\"widget\" data-e-type=\"widget\" data-widget_type=\"heading.default\">\n\t\t\t\t<div class=\"elementor-widget-container\">\n\t\t\t\t\t<h1 class=\"elementor-heading-title elementor-size-default\">Rohrhauptventil R\u00e4ummaschine<\/h1>\t\t\t\t<\/div>\n\t\t\t\t<\/div>\n\t\t\t\t<\/div>\n\t\t\t\t\t<\/div>\n\t\t\t\t<\/div>\n\t\t<div class=\"elementor-element elementor-element-1541e839 e-flex e-con-boxed e-con e-parent\" data-id=\"1541e839\" data-element_type=\"container\" data-e-type=\"container\" data-settings=\"{&quot;background_background&quot;:&quot;classic&quot;}\">\n\t\t\t\t\t<div class=\"e-con-inner\">\n\t\t<div class=\"elementor-element elementor-element-1da13ee8 e-con-full e-flex e-con e-child\" data-id=\"1da13ee8\" data-element_type=\"container\" data-e-type=\"container\">\n\t\t\t\t<div class=\"elementor-element elementor-element-2cd6a3e0 elementor-widget elementor-widget-breadcrumbs\" data-id=\"2cd6a3e0\" data-element_type=\"widget\" data-e-type=\"widget\" data-widget_type=\"breadcrumbs.default\">\n\t\t\t\t<div class=\"elementor-widget-container\">\n\t\t\t\t\t<nav aria-label=\"Semmelbr\u00f6sel\" class=\"rank-math-breadcrumb\"><p><span class=\"last\">Startseite<\/span><\/p><\/nav>\t\t\t\t<\/div>\n\t\t\t\t<\/div>\n\t\t\t\t<\/div>\n\t\t\t\t\t<\/div>\n\t\t\t\t<\/div>\n\t\t<div class=\"elementor-element elementor-element-18a254fa e-flex e-con-boxed e-con e-parent\" data-id=\"18a254fa\" data-element_type=\"container\" data-e-type=\"container\" data-settings=\"{&quot;background_background&quot;:&quot;classic&quot;}\">\n\t\t\t\t\t<div class=\"e-con-inner\">\n\t\t<div class=\"elementor-element elementor-element-fd170b5 e-con-full e-flex e-con e-child\" data-id=\"fd170b5\" data-element_type=\"container\" data-e-type=\"container\">\n\t\t\t\t<div class=\"elementor-element elementor-element-3a40da04 elementor-widget__width-initial elementor-widget elementor-widget-image\" data-id=\"3a40da04\" data-element_type=\"widget\" data-e-type=\"widget\" data-widget_type=\"image.default\">\n\t\t\t\t<div class=\"elementor-widget-container\">\n\t\t\t\t\t\t\t\t\t\t\t\t\t\t\t<img fetchpriority=\"high\" decoding=\"async\" width=\"800\" height=\"600\" src=\"https:\/\/broachingmach.com\/wp-content\/uploads\/2024\/05\/503b2a56-3e52-460f-82e0-2375e90c87d1.jpg\" class=\"elementor-animation-pulse-shrink attachment-large size-large wp-image-3439\" alt=\"Pipe Main Valve Broaching Machine\" srcset=\"https:\/\/broachingmach.com\/wp-content\/uploads\/2024\/05\/503b2a56-3e52-460f-82e0-2375e90c87d1.jpg 800w, https:\/\/broachingmach.com\/wp-content\/uploads\/2024\/05\/503b2a56-3e52-460f-82e0-2375e90c87d1-300x225.jpg 300w, https:\/\/broachingmach.com\/wp-content\/uploads\/2024\/05\/503b2a56-3e52-460f-82e0-2375e90c87d1-768x576.jpg 768w\" sizes=\"(max-width: 800px) 100vw, 800px\" \/>\t\t\t\t\t\t\t\t\t\t\t\t\t\t\t<\/div>\n\t\t\t\t<\/div>\n\t\t\t\t<\/div>\n\t\t<div class=\"elementor-element elementor-element-3859c01b e-con-full e-flex e-con e-child\" data-id=\"3859c01b\" data-element_type=\"container\" data-e-type=\"container\">\n\t\t\t\t<div class=\"elementor-element elementor-element-5539f0eb elementor-widget elementor-widget-heading\" data-id=\"5539f0eb\" data-element_type=\"widget\" data-e-type=\"widget\" data-widget_type=\"heading.default\">\n\t\t\t\t<div class=\"elementor-widget-container\">\n\t\t\t\t\t<h2 class=\"elementor-heading-title elementor-size-default\">Rohrhauptventil R\u00e4ummaschine<\/h2>\t\t\t\t<\/div>\n\t\t\t\t<\/div>\n\t\t\t\t<div class=\"elementor-element elementor-element-4d6e055 elementor-widget elementor-widget-text-editor\" data-id=\"4d6e055\" data-element_type=\"widget\" data-e-type=\"widget\" data-widget_type=\"text-editor.default\">\n\t\t\t\t<div class=\"elementor-widget-container\">\n\t\t\t\t\t\t\t\t\t<div class=\"e_richText-44 s_title clearfix wd-scroll-animation wd-scroll-in wd-scrolled response-transition\">Hauptanwendung: Bearbeitung von Innenverzahnungen, Verzahnungen und Innenlochteilen.<\/div><div class=\"e_container-23 s_layout response-transition\"><div class=\"cbox-23-0 p_item\">\u00a0<\/div><\/div>\t\t\t\t\t\t\t\t<\/div>\n\t\t\t\t<\/div>\n\t\t\t\t<div class=\"elementor-element elementor-element-6a1776f4 elementor-mobile-align-center elementor-widget elementor-widget-button\" data-id=\"6a1776f4\" data-element_type=\"widget\" data-e-type=\"widget\" data-widget_type=\"button.default\">\n\t\t\t\t<div class=\"elementor-widget-container\">\n\t\t\t\t\t\t\t\t\t<div class=\"elementor-button-wrapper\">\n\t\t\t\t\t<a class=\"elementor-button elementor-button-link elementor-size-sm\" href=\"#elementor-action%3Aaction%3Dpopup%3Aopen%26settings%3DeyJpZCI6IjE3NzMiLCJ0b2dnbGUiOmZhbHNlfQ%3D%3D\">\n\t\t\t\t\t\t<span class=\"elementor-button-content-wrapper\">\n\t\t\t\t\t\t\t\t\t<span class=\"elementor-button-text\">Angebot einholen<\/span>\n\t\t\t\t\t<\/span>\n\t\t\t\t\t<\/a>\n\t\t\t\t<\/div>\n\t\t\t\t\t\t\t\t<\/div>\n\t\t\t\t<\/div>\n\t\t\t\t<\/div>\n\t\t\t\t\t<\/div>\n\t\t\t\t<\/div>\n\t\t<div class=\"elementor-element elementor-element-24e7397c e-flex e-con-boxed e-con e-parent\" data-id=\"24e7397c\" data-element_type=\"container\" data-e-type=\"container\">\n\t\t\t\t\t<div class=\"e-con-inner\">\n\t\t<div class=\"elementor-element elementor-element-4bf101b4 e-con-full e-flex e-con e-child\" data-id=\"4bf101b4\" data-element_type=\"container\" data-e-type=\"container\">\n\t\t\t\t<div class=\"elementor-element elementor-element-8342960 elementor-widget elementor-widget-heading\" data-id=\"8342960\" data-element_type=\"widget\" data-e-type=\"widget\" data-widget_type=\"heading.default\">\n\t\t\t\t<div class=\"elementor-widget-container\">\n\t\t\t\t\t<h2 class=\"elementor-heading-title elementor-size-default\">Produkte Beschreibung<\/h2>\t\t\t\t<\/div>\n\t\t\t\t<\/div>\n\t\t\t\t<div class=\"elementor-element elementor-element-474ff2ae elementor-widget elementor-widget-text-editor\" data-id=\"474ff2ae\" data-element_type=\"widget\" data-e-type=\"widget\" data-widget_type=\"text-editor.default\">\n\t\t\t\t<div class=\"elementor-widget-container\">\n\t\t\t\t\t\t\t\t\t<p><strong>Wichtigste Anwendungen:<\/strong>Condenser copper seat flat machining.<\/p><p><strong>Merkmale:<\/strong>Such parts processing accuracy, high efficiency requirements, the use of broaching process greatly reduce manufacturing costs.<\/p><p><strong>Struktur:<\/strong>Broaching full escort, multi-station design.<\/p><p><strong>Technische Parameter<\/strong><\/p><div class=\"table-responsive\"><table border=\"1\" width=\"100%\" cellspacing=\"0\" cellpadding=\"0\"><tbody><tr class=\"firstRow\"><td><p><strong>Spezifikation<\/strong><\/p><\/td><td><strong>Nummer<\/strong><\/td><td><strong>Einheit<\/strong><\/td><\/tr><tr><td>Nenn-Zugkraft<\/td><td>50<\/td><td>KN<\/td><\/tr><tr><td>Skateboard Hubl\u00e4nge<\/td><td>800<\/td><td>mm<\/td><\/tr><tr><td>Arbeitshubgeschwindigkeit (stufenlose Geschwindigkeitsregelung)<\/td><td>1.5-6<\/td><td>m\/min<\/td><\/tr><tr><td>R\u00fccklaufgeschwindigkeit (stufenlose Geschwindigkeitsregelung)<\/td><td>3-15<\/td><td>m\/min<\/td><\/tr><tr><td>Number of broaching stations<\/td><td>2<\/td><td>\/<\/td><\/tr><tr><td>Strom<\/td><td>18<\/td><td>KW<\/td><\/tr><tr><td>Grundfl\u00e4che der Maschine (L\u00d7B\u00d7H)<\/td><td>2900\u00d75200\u00d73200<\/td><td>mm<\/td><\/tr><tr><td>Nettogewicht<\/td><td>6500<\/td><td>kg<\/td><\/tr><\/tbody><\/table><\/div><div class=\"table-responsive\">\u00a0<\/div>\t\t\t\t\t\t\t\t<\/div>\n\t\t\t\t<\/div>\n\t\t\t\t<\/div>\n\t\t\t\t\t<\/div>\n\t\t\t\t<\/div>\n\t\t\t\t<\/div>","protected":false},"excerpt":{"rendered":"<p>Pipe Main Valve Broaching Machine Home Pipe Main Valve Broaching Machine Main application: internal teeth, spline and inner hole parts [&hellip;]<\/p>","protected":false},"author":1,"featured_media":0,"parent":1650,"menu_order":0,"comment_status":"closed","ping_status":"closed","template":"","meta":{"site-sidebar-layout":"no-sidebar","site-content-layout":"page-builder","ast-site-content-layout":"full-width-container","site-content-style":"default","site-sidebar-style":"default","ast-global-header-display":"","ast-banner-title-visibility":"","ast-main-header-display":"","ast-hfb-above-header-display":"","ast-hfb-below-header-display":"","ast-hfb-mobile-header-display":"","site-post-title":"disabled","ast-breadcrumbs-content":"","ast-featured-img":"disabled","footer-sml-layout":"","theme-transparent-header-meta":"","adv-header-id-meta":"","stick-header-meta":"","header-above-stick-meta":"","header-main-stick-meta":"","header-below-stick-meta":"","astra-migrate-meta-layouts":"set","ast-page-background-enabled":"default","ast-page-background-meta":{"desktop":{"background-color":"","background-image":"","background-repeat":"repeat","background-position":"center center","background-size":"auto","background-attachment":"scroll","background-type":"","background-media":"","overlay-type":"","overlay-color":"","overlay-opacity":"","overlay-gradient":""},"tablet":{"background-color":"","background-image":"","background-repeat":"repeat","background-position":"center center","background-size":"auto","background-attachment":"scroll","background-type":"","background-media":"","overlay-type":"","overlay-color":"","overlay-opacity":"","overlay-gradient":""},"mobile":{"background-color":"","background-image":"","background-repeat":"repeat","background-position":"center center","background-size":"auto","background-attachment":"scroll","background-type":"","background-media":"","overlay-type":"","overlay-color":"","overlay-opacity":"","overlay-gradient":""}},"ast-content-background-meta":{"desktop":{"background-color":"var(--ast-global-color-5)","background-image":"","background-repeat":"repeat","background-position":"center center","background-size":"auto","background-attachment":"scroll","background-type":"","background-media":"","overlay-type":"","overlay-color":"","overlay-opacity":"","overlay-gradient":""},"tablet":{"background-color":"var(--ast-global-color-5)","background-image":"","background-repeat":"repeat","background-position":"center center","background-size":"auto","background-attachment":"scroll","background-type":"","background-media":"","overlay-type":"","overlay-color":"","overlay-opacity":"","overlay-gradient":""},"mobile":{"background-color":"var(--ast-global-color-5)","background-image":"","background-repeat":"repeat","background-position":"center center","background-size":"auto","background-attachment":"scroll","background-type":"","background-media":"","overlay-type":"","overlay-color":"","overlay-opacity":"","overlay-gradient":""}},"footnotes":""},"class_list":["post-3389","page","type-page","status-publish","hentry"],"_links":{"self":[{"href":"https:\/\/broachingmach.com\/de\/wp-json\/wp\/v2\/pages\/3389","targetHints":{"allow":["GET"]}}],"collection":[{"href":"https:\/\/broachingmach.com\/de\/wp-json\/wp\/v2\/pages"}],"about":[{"href":"https:\/\/broachingmach.com\/de\/wp-json\/wp\/v2\/types\/page"}],"author":[{"embeddable":true,"href":"https:\/\/broachingmach.com\/de\/wp-json\/wp\/v2\/users\/1"}],"replies":[{"embeddable":true,"href":"https:\/\/broachingmach.com\/de\/wp-json\/wp\/v2\/comments?post=3389"}],"version-history":[{"count":7,"href":"https:\/\/broachingmach.com\/de\/wp-json\/wp\/v2\/pages\/3389\/revisions"}],"predecessor-version":[{"id":3460,"href":"https:\/\/broachingmach.com\/de\/wp-json\/wp\/v2\/pages\/3389\/revisions\/3460"}],"up":[{"embeddable":true,"href":"https:\/\/broachingmach.com\/de\/wp-json\/wp\/v2\/pages\/1650"}],"wp:attachment":[{"href":"https:\/\/broachingmach.com\/de\/wp-json\/wp\/v2\/media?parent=3389"}],"curies":[{"name":"wp","href":"https:\/\/api.w.org\/{rel}","templated":true}]}}