{"id":1949,"date":"2023-09-15T05:31:23","date_gmt":"2023-09-15T05:31:23","guid":{"rendered":"https:\/\/broachingmach.com\/?page_id=1949"},"modified":"2024-05-24T06:07:33","modified_gmt":"2024-05-24T06:07:33","slug":"cnc-double-servo-internal-broaching-machine","status":"publish","type":"page","link":"https:\/\/broachingmach.com\/es\/servo-broaching-machine\/cnc-double-servo-internal-broaching-machine\/","title":{"rendered":"Brochadora interna servo doble CNC"},"content":{"rendered":"<div data-elementor-type=\"wp-page\" data-elementor-id=\"1949\" class=\"elementor elementor-1949\" data-elementor-post-type=\"page\">\n\t\t\t\t<div class=\"elementor-element elementor-element-41342c5e e-flex e-con-boxed e-con e-parent\" data-id=\"41342c5e\" data-element_type=\"container\" data-e-type=\"container\" data-settings=\"{&quot;background_background&quot;:&quot;classic&quot;}\">\n\t\t\t\t\t<div class=\"e-con-inner\">\n\t\t<div class=\"elementor-element elementor-element-515aa64 e-con-full e-flex e-con e-child\" data-id=\"515aa64\" data-element_type=\"container\" data-e-type=\"container\">\n\t\t\t\t<div class=\"elementor-element elementor-element-2fa703a elementor-widget elementor-widget-heading\" data-id=\"2fa703a\" data-element_type=\"widget\" data-e-type=\"widget\" data-widget_type=\"heading.default\">\n\t\t\t\t<div class=\"elementor-widget-container\">\n\t\t\t\t\t<h1 class=\"elementor-heading-title elementor-size-default\">Brochadora interna servo doble CNC<\/h1>\t\t\t\t<\/div>\n\t\t\t\t<\/div>\n\t\t\t\t<\/div>\n\t\t\t\t\t<\/div>\n\t\t\t\t<\/div>\n\t\t<div class=\"elementor-element elementor-element-337488e9 e-flex e-con-boxed e-con e-parent\" data-id=\"337488e9\" data-element_type=\"container\" data-e-type=\"container\" data-settings=\"{&quot;background_background&quot;:&quot;classic&quot;}\">\n\t\t\t\t\t<div class=\"e-con-inner\">\n\t\t<div class=\"elementor-element elementor-element-59cf12cc e-con-full e-flex e-con e-child\" data-id=\"59cf12cc\" data-element_type=\"container\" data-e-type=\"container\">\n\t\t\t\t<div class=\"elementor-element elementor-element-658ba0f9 elementor-widget elementor-widget-breadcrumbs\" data-id=\"658ba0f9\" data-element_type=\"widget\" data-e-type=\"widget\" data-widget_type=\"breadcrumbs.default\">\n\t\t\t\t<div class=\"elementor-widget-container\">\n\t\t\t\t\t<nav aria-label=\"pan rallado\" class=\"rank-math-breadcrumb\"><p><span class=\"last\">Inicio<\/span><\/p><\/nav>\t\t\t\t<\/div>\n\t\t\t\t<\/div>\n\t\t\t\t<\/div>\n\t\t\t\t\t<\/div>\n\t\t\t\t<\/div>\n\t\t<div class=\"elementor-element elementor-element-4533fa6c e-flex e-con-boxed e-con e-parent\" data-id=\"4533fa6c\" data-element_type=\"container\" data-e-type=\"container\" data-settings=\"{&quot;background_background&quot;:&quot;classic&quot;}\">\n\t\t\t\t\t<div class=\"e-con-inner\">\n\t\t<div class=\"elementor-element elementor-element-69280f96 e-con-full e-flex e-con e-child\" data-id=\"69280f96\" data-element_type=\"container\" data-e-type=\"container\">\n\t\t\t\t<div class=\"elementor-element elementor-element-ae19314 elementor-widget__width-initial elementor-widget elementor-widget-image\" data-id=\"ae19314\" data-element_type=\"widget\" data-e-type=\"widget\" data-widget_type=\"image.default\">\n\t\t\t\t<div class=\"elementor-widget-container\">\n\t\t\t\t\t\t\t\t\t\t\t\t\t\t\t<img fetchpriority=\"high\" decoding=\"async\" width=\"1024\" height=\"768\" src=\"http:\/\/broachingmach.com\/wp-content\/uploads\/2024\/05\/389b7842-d099-46e7-a599-b09dfe3a5449-1024x768.png\" class=\"elementor-animation-pulse-shrink attachment-large size-large wp-image-2860\" alt=\"CNC Double Servo Internal Broaching Machine\" srcset=\"http:\/\/broachingmach.com\/wp-content\/uploads\/2024\/05\/389b7842-d099-46e7-a599-b09dfe3a5449-1024x768.png 1024w, http:\/\/broachingmach.com\/wp-content\/uploads\/2024\/05\/389b7842-d099-46e7-a599-b09dfe3a5449-300x225.png 300w, http:\/\/broachingmach.com\/wp-content\/uploads\/2024\/05\/389b7842-d099-46e7-a599-b09dfe3a5449-768x576.png 768w, http:\/\/broachingmach.com\/wp-content\/uploads\/2024\/05\/389b7842-d099-46e7-a599-b09dfe3a5449-1536x1152.png 1536w, http:\/\/broachingmach.com\/wp-content\/uploads\/2024\/05\/389b7842-d099-46e7-a599-b09dfe3a5449.png 1600w\" sizes=\"(max-width: 1024px) 100vw, 1024px\" \/>\t\t\t\t\t\t\t\t\t\t\t\t\t\t\t<\/div>\n\t\t\t\t<\/div>\n\t\t\t\t<\/div>\n\t\t<div class=\"elementor-element elementor-element-5500cb64 e-con-full e-flex e-con e-child\" data-id=\"5500cb64\" data-element_type=\"container\" data-e-type=\"container\">\n\t\t\t\t<div class=\"elementor-element elementor-element-74071c50 elementor-widget elementor-widget-heading\" data-id=\"74071c50\" data-element_type=\"widget\" data-e-type=\"widget\" data-widget_type=\"heading.default\">\n\t\t\t\t<div class=\"elementor-widget-container\">\n\t\t\t\t\t<h2 class=\"elementor-heading-title elementor-size-default\">Brochadora interna servo doble CNC<\/h2>\t\t\t\t<\/div>\n\t\t\t\t<\/div>\n\t\t\t\t<div class=\"elementor-element elementor-element-39a8d161 elementor-widget elementor-widget-text-editor\" data-id=\"39a8d161\" data-element_type=\"widget\" data-e-type=\"widget\" data-widget_type=\"text-editor.default\">\n\t\t\t\t<div class=\"elementor-widget-container\">\n\t\t\t\t\t\t\t\t\t<p>Aplicaci\u00f3n principal: procesamiento de dientes internos, estr\u00edas y piezas con orificios internos.<\/p>\t\t\t\t\t\t\t\t<\/div>\n\t\t\t\t<\/div>\n\t\t\t\t<div class=\"elementor-element elementor-element-6c849fdb elementor-mobile-align-center elementor-widget elementor-widget-button\" data-id=\"6c849fdb\" data-element_type=\"widget\" data-e-type=\"widget\" data-widget_type=\"button.default\">\n\t\t\t\t<div class=\"elementor-widget-container\">\n\t\t\t\t\t\t\t\t\t<div class=\"elementor-button-wrapper\">\n\t\t\t\t\t<a class=\"elementor-button elementor-button-link elementor-size-sm\" href=\"#elementor-action%3Aaction%3Dpopup%3Aopen%26settings%3DeyJpZCI6IjE3NzMiLCJ0b2dnbGUiOmZhbHNlfQ%3D%3D\">\n\t\t\t\t\t\t<span class=\"elementor-button-content-wrapper\">\n\t\t\t\t\t\t\t\t\t<span class=\"elementor-button-text\">Obtener presupuesto<\/span>\n\t\t\t\t\t<\/span>\n\t\t\t\t\t<\/a>\n\t\t\t\t<\/div>\n\t\t\t\t\t\t\t\t<\/div>\n\t\t\t\t<\/div>\n\t\t\t\t<\/div>\n\t\t\t\t\t<\/div>\n\t\t\t\t<\/div>\n\t\t<div class=\"elementor-element elementor-element-6cb46421 e-flex e-con-boxed e-con e-parent\" data-id=\"6cb46421\" data-element_type=\"container\" data-e-type=\"container\">\n\t\t\t\t\t<div class=\"e-con-inner\">\n\t\t<div class=\"elementor-element elementor-element-55c9f817 e-con-full e-flex e-con e-child\" data-id=\"55c9f817\" data-element_type=\"container\" data-e-type=\"container\">\n\t\t\t\t<div class=\"elementor-element elementor-element-739abe17 elementor-widget elementor-widget-heading\" data-id=\"739abe17\" data-element_type=\"widget\" data-e-type=\"widget\" data-widget_type=\"heading.default\">\n\t\t\t\t<div class=\"elementor-widget-container\">\n\t\t\t\t\t<h2 class=\"elementor-heading-title elementor-size-default\">Descripci\u00f3n de los productos<\/h2>\t\t\t\t<\/div>\n\t\t\t\t<\/div>\n\t\t\t\t<div class=\"elementor-element elementor-element-dd3636f elementor-widget elementor-widget-text-editor\" data-id=\"dd3636f\" data-element_type=\"widget\" data-e-type=\"widget\" data-widget_type=\"text-editor.default\">\n\t\t\t\t<div class=\"elementor-widget-container\">\n\t\t\t\t\t\t\t\t\t<p>En comparaci\u00f3n con la brochadora servo tradicional de un solo husillo, la fuerza es m\u00e1s razonable. Los dos tornillos portadores de fuerza y el centro de mecanizado est\u00e1n en el mismo plano. No hay momento de giro. La vibraci\u00f3n durante el proceso de brochado es menor, y es m\u00e1s estable para el uso a largo plazo. La m\u00e1quina herramienta es m\u00e1s r\u00edgida y el peso total es mayor. La m\u00e1quina de brochado interno servo est\u00e1 controlada por un codificador de servomotor y una rejilla para formar un control de bucle cerrado, que controla la sincronizaci\u00f3n de los dos tornillos dentro de 0,01 mm.<\/p><p>En comparaci\u00f3n con la m\u00e1quina brochadora interior pull-up de doble cilindro, no hay sistema hidr\u00e1ulico, lo que elimina la necesidad de sustituci\u00f3n peri\u00f3dica del aceite hidr\u00e1ulico y la sustituci\u00f3n peri\u00f3dica de las juntas. El reemplazo inadecuado o el envejecimiento de los sellos conducir\u00e1 a la descarga interna del sistema hidr\u00e1ulico, causando deslizamiento. En casos severos, puede incluso conducir a una presi\u00f3n inestable del sistema, vibraci\u00f3n y acabado superficial inestable del producto. La m\u00e1quina servo brochadora interna es controlada por un sistema CNC y accionada por un tornillo. No hay problemas con el sistema hidr\u00e1ulico, y el contenido de mantenimiento es mucho menor que el de una m\u00e1quina herramienta hidr\u00e1ulica. Adem\u00e1s, ocupa menos espacio y es m\u00e1s respetuosa con el medio ambiente.<\/p>\t\t\t\t\t\t\t\t<\/div>\n\t\t\t\t<\/div>\n\t\t\t\t<\/div>\n\t\t\t\t\t<\/div>\n\t\t\t\t<\/div>\n\t\t<div class=\"elementor-element elementor-element-a677f0e e-flex e-con-boxed e-con e-parent\" data-id=\"a677f0e\" data-element_type=\"container\" data-e-type=\"container\">\n\t\t\t\t\t<div class=\"e-con-inner\">\n\t\t<div class=\"elementor-element elementor-element-578381f e-con-full e-flex e-con e-child\" data-id=\"578381f\" data-element_type=\"container\" data-e-type=\"container\">\n\t\t\t\t<div class=\"elementor-element elementor-element-0634cde elementor-widget elementor-widget-heading\" data-id=\"0634cde\" data-element_type=\"widget\" data-e-type=\"widget\" data-widget_type=\"heading.default\">\n\t\t\t\t<div class=\"elementor-widget-container\">\n\t\t\t\t\t<h2 class=\"elementor-heading-title elementor-size-default\">Hoja de datos de la brochadora interna servo doble CNC<\/h2>\t\t\t\t<\/div>\n\t\t\t\t<\/div>\n\t\t\t\t<div class=\"elementor-element elementor-element-aa3445f elementor-widget elementor-widget-image\" data-id=\"aa3445f\" data-element_type=\"widget\" data-e-type=\"widget\" data-widget_type=\"image.default\">\n\t\t\t\t<div class=\"elementor-widget-container\">\n\t\t\t\t\t\t\t\t\t\t\t\t\t\t\t<img decoding=\"async\" width=\"1024\" height=\"639\" src=\"http:\/\/broachingmach.com\/wp-content\/uploads\/2023\/09\/\u5de5\u4f5c\u7c3f1_Sheet1-1024x639.png\" class=\"attachment-large size-large wp-image-2557\" alt=\"\" srcset=\"http:\/\/broachingmach.com\/wp-content\/uploads\/2023\/09\/\u5de5\u4f5c\u7c3f1_Sheet1-1024x639.png 1024w, http:\/\/broachingmach.com\/wp-content\/uploads\/2023\/09\/\u5de5\u4f5c\u7c3f1_Sheet1-300x187.png 300w, http:\/\/broachingmach.com\/wp-content\/uploads\/2023\/09\/\u5de5\u4f5c\u7c3f1_Sheet1-768x480.png 768w, http:\/\/broachingmach.com\/wp-content\/uploads\/2023\/09\/\u5de5\u4f5c\u7c3f1_Sheet1-1536x959.png 1536w, http:\/\/broachingmach.com\/wp-content\/uploads\/2023\/09\/\u5de5\u4f5c\u7c3f1_Sheet1-2048x1279.png 2048w\" sizes=\"(max-width: 1024px) 100vw, 1024px\" \/>\t\t\t\t\t\t\t\t\t\t\t\t\t\t\t<\/div>\n\t\t\t\t<\/div>\n\t\t\t\t<\/div>\n\t\t\t\t\t<\/div>\n\t\t\t\t<\/div>\n\t\t\t\t<\/div>","protected":false},"excerpt":{"rendered":"<p>CNC Double Servo Internal Broaching Machine Inicio CNC Double Servo Internal Broaching Machine Aplicaci\u00f3n principal: dientes internos, spline y [...]<\/p>","protected":false},"author":1,"featured_media":0,"parent":1652,"menu_order":0,"comment_status":"closed","ping_status":"closed","template":"","meta":{"site-sidebar-layout":"no-sidebar","site-content-layout":"page-builder","ast-site-content-layout":"full-width-container","site-content-style":"default","site-sidebar-style":"default","ast-global-header-display":"","ast-banner-title-visibility":"","ast-main-header-display":"","ast-hfb-above-header-display":"","ast-hfb-below-header-display":"","ast-hfb-mobile-header-display":"","site-post-title":"disabled","ast-breadcrumbs-content":"","ast-featured-img":"disabled","footer-sml-layout":"","theme-transparent-header-meta":"","adv-header-id-meta":"","stick-header-meta":"","header-above-stick-meta":"","header-main-stick-meta":"","header-below-stick-meta":"","astra-migrate-meta-layouts":"set","ast-page-background-enabled":"default","ast-page-background-meta":{"desktop":{"background-color":"","background-image":"","background-repeat":"repeat","background-position":"center center","background-size":"auto","background-attachment":"scroll","background-type":"","background-media":"","overlay-type":"","overlay-color":"","overlay-opacity":"","overlay-gradient":""},"tablet":{"background-color":"","background-image":"","background-repeat":"repeat","background-position":"center center","background-size":"auto","background-attachment":"scroll","background-type":"","background-media":"","overlay-type":"","overlay-color":"","overlay-opacity":"","overlay-gradient":""},"mobile":{"background-color":"","background-image":"","background-repeat":"repeat","background-position":"center center","background-size":"auto","background-attachment":"scroll","background-type":"","background-media":"","overlay-type":"","overlay-color":"","overlay-opacity":"","overlay-gradient":""}},"ast-content-background-meta":{"desktop":{"background-color":"var(--ast-global-color-5)","background-image":"","background-repeat":"repeat","background-position":"center center","background-size":"auto","background-attachment":"scroll","background-type":"","background-media":"","overlay-type":"","overlay-color":"","overlay-opacity":"","overlay-gradient":""},"tablet":{"background-color":"var(--ast-global-color-5)","background-image":"","background-repeat":"repeat","background-position":"center center","background-size":"auto","background-attachment":"scroll","background-type":"","background-media":"","overlay-type":"","overlay-color":"","overlay-opacity":"","overlay-gradient":""},"mobile":{"background-color":"var(--ast-global-color-5)","background-image":"","background-repeat":"repeat","background-position":"center center","background-size":"auto","background-attachment":"scroll","background-type":"","background-media":"","overlay-type":"","overlay-color":"","overlay-opacity":"","overlay-gradient":""}},"footnotes":""},"class_list":["post-1949","page","type-page","status-publish","hentry"],"_links":{"self":[{"href":"https:\/\/broachingmach.com\/es\/wp-json\/wp\/v2\/pages\/1949","targetHints":{"allow":["GET"]}}],"collection":[{"href":"https:\/\/broachingmach.com\/es\/wp-json\/wp\/v2\/pages"}],"about":[{"href":"https:\/\/broachingmach.com\/es\/wp-json\/wp\/v2\/types\/page"}],"author":[{"embeddable":true,"href":"https:\/\/broachingmach.com\/es\/wp-json\/wp\/v2\/users\/1"}],"replies":[{"embeddable":true,"href":"https:\/\/broachingmach.com\/es\/wp-json\/wp\/v2\/comments?post=1949"}],"version-history":[{"count":29,"href":"https:\/\/broachingmach.com\/es\/wp-json\/wp\/v2\/pages\/1949\/revisions"}],"predecessor-version":[{"id":2896,"href":"https:\/\/broachingmach.com\/es\/wp-json\/wp\/v2\/pages\/1949\/revisions\/2896"}],"up":[{"embeddable":true,"href":"https:\/\/broachingmach.com\/es\/wp-json\/wp\/v2\/pages\/1652"}],"wp:attachment":[{"href":"https:\/\/broachingmach.com\/es\/wp-json\/wp\/v2\/media?parent=1949"}],"curies":[{"name":"wp","href":"https:\/\/api.w.org\/{rel}","templated":true}]}}