{"id":2758,"date":"2024-05-24T05:39:42","date_gmt":"2024-05-24T05:39:42","guid":{"rendered":"https:\/\/broachingmach.com\/?page_id=2758"},"modified":"2024-05-24T05:54:43","modified_gmt":"2024-05-24T05:54:43","slug":"servo-pull-down-internal-broaching-machine","status":"publish","type":"page","link":"https:\/\/broachingmach.com\/es\/servo-broaching-machine\/servo-pull-down-internal-broaching-machine\/","title":{"rendered":"Brochadora interna servo pull down"},"content":{"rendered":"<div data-elementor-type=\"wp-page\" data-elementor-id=\"2758\" class=\"elementor elementor-2758\" data-elementor-post-type=\"page\">\n\t\t\t\t<div class=\"elementor-element elementor-element-7d16cbb e-flex e-con-boxed e-con e-parent\" data-id=\"7d16cbb\" data-element_type=\"container\" data-e-type=\"container\" data-settings=\"{&quot;background_background&quot;:&quot;classic&quot;}\">\n\t\t\t\t\t<div class=\"e-con-inner\">\n\t\t<div class=\"elementor-element elementor-element-4585e9c e-con-full e-flex e-con e-child\" data-id=\"4585e9c\" data-element_type=\"container\" data-e-type=\"container\">\n\t\t\t\t<div class=\"elementor-element elementor-element-fa86018 elementor-widget elementor-widget-heading\" data-id=\"fa86018\" data-element_type=\"widget\" data-e-type=\"widget\" data-widget_type=\"heading.default\">\n\t\t\t\t<div class=\"elementor-widget-container\">\n\t\t\t\t\t<h1 class=\"elementor-heading-title elementor-size-default\">Brochadora interna servo pull down<\/h1>\t\t\t\t<\/div>\n\t\t\t\t<\/div>\n\t\t\t\t<\/div>\n\t\t\t\t\t<\/div>\n\t\t\t\t<\/div>\n\t\t<div class=\"elementor-element elementor-element-2a4c42d e-flex e-con-boxed e-con e-parent\" data-id=\"2a4c42d\" data-element_type=\"container\" data-e-type=\"container\" data-settings=\"{&quot;background_background&quot;:&quot;classic&quot;}\">\n\t\t\t\t\t<div class=\"e-con-inner\">\n\t\t<div class=\"elementor-element elementor-element-420d6ec e-con-full e-flex e-con e-child\" data-id=\"420d6ec\" data-element_type=\"container\" data-e-type=\"container\">\n\t\t\t\t<div class=\"elementor-element elementor-element-0d31a8c elementor-widget elementor-widget-breadcrumbs\" data-id=\"0d31a8c\" data-element_type=\"widget\" data-e-type=\"widget\" data-widget_type=\"breadcrumbs.default\">\n\t\t\t\t<div class=\"elementor-widget-container\">\n\t\t\t\t\t<nav aria-label=\"pan rallado\" class=\"rank-math-breadcrumb\"><p><span class=\"last\">Inicio<\/span><\/p><\/nav>\t\t\t\t<\/div>\n\t\t\t\t<\/div>\n\t\t\t\t<\/div>\n\t\t\t\t\t<\/div>\n\t\t\t\t<\/div>\n\t\t<div class=\"elementor-element elementor-element-64d01002 e-flex e-con-boxed e-con e-parent\" data-id=\"64d01002\" data-element_type=\"container\" data-e-type=\"container\" data-settings=\"{&quot;background_background&quot;:&quot;classic&quot;}\">\n\t\t\t\t\t<div class=\"e-con-inner\">\n\t\t<div class=\"elementor-element elementor-element-6bbe250a e-con-full e-flex e-con e-child\" data-id=\"6bbe250a\" data-element_type=\"container\" data-e-type=\"container\">\n\t\t\t\t<div class=\"elementor-element elementor-element-621a5ca1 elementor-widget__width-initial elementor-widget elementor-widget-image\" data-id=\"621a5ca1\" data-element_type=\"widget\" data-e-type=\"widget\" data-widget_type=\"image.default\">\n\t\t\t\t<div class=\"elementor-widget-container\">\n\t\t\t\t\t\t\t\t\t\t\t\t\t\t\t<img fetchpriority=\"high\" decoding=\"async\" width=\"1024\" height=\"768\" src=\"http:\/\/broachingmach.com\/wp-content\/uploads\/2024\/05\/40f93c40-820e-49c7-8e65-1f54fb8644df-1024x768.png\" class=\"elementor-animation-pulse-shrink attachment-large size-large wp-image-2828\" alt=\"Servo Pull-Down Internal Broaching Machine\" srcset=\"http:\/\/broachingmach.com\/wp-content\/uploads\/2024\/05\/40f93c40-820e-49c7-8e65-1f54fb8644df-1024x768.png 1024w, http:\/\/broachingmach.com\/wp-content\/uploads\/2024\/05\/40f93c40-820e-49c7-8e65-1f54fb8644df-300x225.png 300w, http:\/\/broachingmach.com\/wp-content\/uploads\/2024\/05\/40f93c40-820e-49c7-8e65-1f54fb8644df-768x576.png 768w, http:\/\/broachingmach.com\/wp-content\/uploads\/2024\/05\/40f93c40-820e-49c7-8e65-1f54fb8644df-1536x1152.png 1536w, http:\/\/broachingmach.com\/wp-content\/uploads\/2024\/05\/40f93c40-820e-49c7-8e65-1f54fb8644df.png 1600w\" sizes=\"(max-width: 1024px) 100vw, 1024px\" \/>\t\t\t\t\t\t\t\t\t\t\t\t\t\t\t<\/div>\n\t\t\t\t<\/div>\n\t\t\t\t<\/div>\n\t\t<div class=\"elementor-element elementor-element-2e706b12 e-con-full e-flex e-con e-child\" data-id=\"2e706b12\" data-element_type=\"container\" data-e-type=\"container\">\n\t\t\t\t<div class=\"elementor-element elementor-element-7e3978c8 elementor-widget elementor-widget-heading\" data-id=\"7e3978c8\" data-element_type=\"widget\" data-e-type=\"widget\" data-widget_type=\"heading.default\">\n\t\t\t\t<div class=\"elementor-widget-container\">\n\t\t\t\t\t<h2 class=\"elementor-heading-title elementor-size-default\">Brochadora interna servo pull down<\/h2>\t\t\t\t<\/div>\n\t\t\t\t<\/div>\n\t\t\t\t<div class=\"elementor-element elementor-element-2c4d3e0 elementor-widget elementor-widget-text-editor\" data-id=\"2c4d3e0\" data-element_type=\"widget\" data-e-type=\"widget\" data-widget_type=\"text-editor.default\">\n\t\t\t\t<div class=\"elementor-widget-container\">\n\t\t\t\t\t\t\t\t\t<div class=\"e_richText-44 s_title clearfix wd-scroll-animation wd-scroll-in wd-scrolled response-transition\">Aplicaci\u00f3n principal: procesamiento de dientes internos, estr\u00edas y piezas con orificios internos.<\/div><div class=\"e_container-23 s_layout response-transition\"><div class=\"cbox-23-0 p_item\">\u00a0<\/div><\/div>\t\t\t\t\t\t\t\t<\/div>\n\t\t\t\t<\/div>\n\t\t\t\t<div class=\"elementor-element elementor-element-4f60c571 elementor-mobile-align-center elementor-widget elementor-widget-button\" data-id=\"4f60c571\" data-element_type=\"widget\" data-e-type=\"widget\" data-widget_type=\"button.default\">\n\t\t\t\t<div class=\"elementor-widget-container\">\n\t\t\t\t\t\t\t\t\t<div class=\"elementor-button-wrapper\">\n\t\t\t\t\t<a class=\"elementor-button elementor-button-link elementor-size-sm\" href=\"#elementor-action%3Aaction%3Dpopup%3Aopen%26settings%3DeyJpZCI6IjE3NzMiLCJ0b2dnbGUiOmZhbHNlfQ%3D%3D\">\n\t\t\t\t\t\t<span class=\"elementor-button-content-wrapper\">\n\t\t\t\t\t\t\t\t\t<span class=\"elementor-button-text\">Obtener presupuesto<\/span>\n\t\t\t\t\t<\/span>\n\t\t\t\t\t<\/a>\n\t\t\t\t<\/div>\n\t\t\t\t\t\t\t\t<\/div>\n\t\t\t\t<\/div>\n\t\t\t\t<\/div>\n\t\t\t\t\t<\/div>\n\t\t\t\t<\/div>\n\t\t<div class=\"elementor-element elementor-element-6b97d489 e-flex e-con-boxed e-con e-parent\" data-id=\"6b97d489\" data-element_type=\"container\" data-e-type=\"container\">\n\t\t\t\t\t<div class=\"e-con-inner\">\n\t\t<div class=\"elementor-element elementor-element-55b45c84 e-con-full e-flex e-con e-child\" data-id=\"55b45c84\" data-element_type=\"container\" data-e-type=\"container\">\n\t\t\t\t<div class=\"elementor-element elementor-element-51fc0d78 elementor-widget elementor-widget-heading\" data-id=\"51fc0d78\" data-element_type=\"widget\" data-e-type=\"widget\" data-widget_type=\"heading.default\">\n\t\t\t\t<div class=\"elementor-widget-container\">\n\t\t\t\t\t<h2 class=\"elementor-heading-title elementor-size-default\">Descripci\u00f3n de los productos<\/h2>\t\t\t\t<\/div>\n\t\t\t\t<\/div>\n\t\t\t\t<div class=\"elementor-element elementor-element-5ab037b2 elementor-widget elementor-widget-text-editor\" data-id=\"5ab037b2\" data-element_type=\"widget\" data-e-type=\"widget\" data-widget_type=\"text-editor.default\">\n\t\t\t\t<div class=\"elementor-widget-container\">\n\t\t\t\t\t\t\t\t\t<p><strong>Principales aplicaciones:<\/strong>Procesamiento de dientes internos, estr\u00edas internas y piezas con orificios internos.<\/p><div class=\"table-responsive\"><p><strong>Caracter\u00edsticas:<\/strong>Servomotor de doble husillo, para satisfacer el procesamiento de gran tonelaje, sincronizaci\u00f3n de control de bucle cerrado completo, alta precisi\u00f3n de procesamiento, peque\u00f1a huella, mantenimiento conveniente, protecci\u00f3n del medio ambiente verde, ahorro de energ\u00eda, equipado con mecanismo de cambio de herramienta.<\/p><p><strong>Estructura:<\/strong>Tipo de tracci\u00f3n vertical (pieza m\u00f3vil), brochado de escolta completa, se puede utilizar el dise\u00f1o multi-estaci\u00f3n.<\/p><p><strong>Par\u00e1metros t\u00e9cnicos<\/strong><\/p><div class=\"table-responsive\"><table class=\"table table-hover table table-striped\" border=\"1\" width=\"100%\" cellspacing=\"0\" cellpadding=\"0\"><tbody><tr class=\"firstRow\"><td align=\"center\"><strong>Modelo<\/strong><\/td><td align=\"center\"><strong>LJ5105F<\/strong><\/td><td align=\"center\"><strong>LSG5705<\/strong><\/td><td align=\"center\"><strong>LSG5710<\/strong><\/td><td align=\"center\"><strong>LSG5720<\/strong><\/td><td align=\"center\"><strong>Unidad<\/strong><\/td><\/tr><tr><td align=\"center\">Capacidad de tracci\u00f3n nominal<\/td><td align=\"center\">50<\/td><td align=\"center\">50<\/td><td align=\"center\">100<\/td><td align=\"center\">200<\/td><td align=\"center\">KN<\/td><\/tr><tr><td align=\"center\">Carrera nominal<\/td><td align=\"center\">800<\/td><td align=\"center\">800<\/td><td align=\"center\">1250<\/td><td align=\"center\">1600<\/td><td align=\"center\">mm<\/td><\/tr><tr><td align=\"center\">Longitud m\u00e1xima de la brocha<\/td><td align=\"center\">950<\/td><td align=\"center\">990<\/td><td align=\"center\">1400<\/td><td align=\"center\">1800<\/td><td align=\"center\">mm<\/td><\/tr><tr><td align=\"center\">Velocidad de corte<\/td><td align=\"center\">1-6.4<\/td><td align=\"center\">1-8<\/td><td align=\"center\">1-10<\/td><td align=\"center\">1-10<\/td><td align=\"center\">m\/min<\/td><\/tr><tr><td align=\"center\">Velocidad de retorno<\/td><td align=\"center\">1-6.4<\/td><td align=\"center\">1-8<\/td><td align=\"center\">1-15<\/td><td align=\"center\">1-15<\/td><td align=\"center\">m\/min<\/td><\/tr><tr><td align=\"center\">Velocidad de avance<\/td><td align=\"center\">1-5<\/td><td align=\"center\">1-5<\/td><td align=\"center\">1-5<\/td><td align=\"center\">1-5<\/td><td align=\"center\">m\/min<\/td><\/tr><tr><td align=\"center\">Velocidad de elevaci\u00f3n<\/td><td align=\"center\">1-6.4<\/td><td align=\"center\">1-10<\/td><td align=\"center\">1-10<\/td><td align=\"center\">1-10<\/td><td align=\"center\">m\/min<\/td><\/tr><tr><td align=\"center\">Superficie y altura del suelo (L\u00d7A\u00d7H)<\/td><td align=\"center\">2200X1800X3200<\/td><td align=\"center\">2500X2300X3800<\/td><td align=\"center\">2500X2800X4300<\/td><td align=\"center\">2800X3300X5000<\/td><td align=\"center\">mm<\/td><\/tr><tr><td align=\"center\">Peso neto<\/td><td align=\"center\">3000<\/td><td align=\"center\">5500<\/td><td align=\"center\">12500<\/td><td align=\"center\">16000<\/td><td align=\"center\">Kg<\/td><\/tr><\/tbody><\/table><\/div><\/div>\t\t\t\t\t\t\t\t<\/div>\n\t\t\t\t<\/div>\n\t\t\t\t<\/div>\n\t\t\t\t\t<\/div>\n\t\t\t\t<\/div>\n\t\t\t\t<\/div>","protected":false},"excerpt":{"rendered":"<p>M\u00e1quina brochadora interna Servo Pull-Down Inicio M\u00e1quina brochadora interna Servo Pull-Down Aplicaci\u00f3n principal: dientes internos, estr\u00edas y piezas de agujeros interiores [...]<\/p>","protected":false},"author":1,"featured_media":0,"parent":1652,"menu_order":0,"comment_status":"closed","ping_status":"closed","template":"","meta":{"site-sidebar-layout":"no-sidebar","site-content-layout":"page-builder","ast-site-content-layout":"full-width-container","site-content-style":"default","site-sidebar-style":"default","ast-global-header-display":"","ast-banner-title-visibility":"","ast-main-header-display":"","ast-hfb-above-header-display":"","ast-hfb-below-header-display":"","ast-hfb-mobile-header-display":"","site-post-title":"disabled","ast-breadcrumbs-content":"","ast-featured-img":"disabled","footer-sml-layout":"","theme-transparent-header-meta":"","adv-header-id-meta":"","stick-header-meta":"","header-above-stick-meta":"","header-main-stick-meta":"","header-below-stick-meta":"","astra-migrate-meta-layouts":"set","ast-page-background-enabled":"default","ast-page-background-meta":{"desktop":{"background-color":"","background-image":"","background-repeat":"repeat","background-position":"center center","background-size":"auto","background-attachment":"scroll","background-type":"","background-media":"","overlay-type":"","overlay-color":"","overlay-opacity":"","overlay-gradient":""},"tablet":{"background-color":"","background-image":"","background-repeat":"repeat","background-position":"center center","background-size":"auto","background-attachment":"scroll","background-type":"","background-media":"","overlay-type":"","overlay-color":"","overlay-opacity":"","overlay-gradient":""},"mobile":{"background-color":"","background-image":"","background-repeat":"repeat","background-position":"center center","background-size":"auto","background-attachment":"scroll","background-type":"","background-media":"","overlay-type":"","overlay-color":"","overlay-opacity":"","overlay-gradient":""}},"ast-content-background-meta":{"desktop":{"background-color":"var(--ast-global-color-5)","background-image":"","background-repeat":"repeat","background-position":"center center","background-size":"auto","background-attachment":"scroll","background-type":"","background-media":"","overlay-type":"","overlay-color":"","overlay-opacity":"","overlay-gradient":""},"tablet":{"background-color":"var(--ast-global-color-5)","background-image":"","background-repeat":"repeat","background-position":"center center","background-size":"auto","background-attachment":"scroll","background-type":"","background-media":"","overlay-type":"","overlay-color":"","overlay-opacity":"","overlay-gradient":""},"mobile":{"background-color":"var(--ast-global-color-5)","background-image":"","background-repeat":"repeat","background-position":"center center","background-size":"auto","background-attachment":"scroll","background-type":"","background-media":"","overlay-type":"","overlay-color":"","overlay-opacity":"","overlay-gradient":""}},"footnotes":""},"class_list":["post-2758","page","type-page","status-publish","hentry"],"_links":{"self":[{"href":"https:\/\/broachingmach.com\/es\/wp-json\/wp\/v2\/pages\/2758","targetHints":{"allow":["GET"]}}],"collection":[{"href":"https:\/\/broachingmach.com\/es\/wp-json\/wp\/v2\/pages"}],"about":[{"href":"https:\/\/broachingmach.com\/es\/wp-json\/wp\/v2\/types\/page"}],"author":[{"embeddable":true,"href":"https:\/\/broachingmach.com\/es\/wp-json\/wp\/v2\/users\/1"}],"replies":[{"embeddable":true,"href":"https:\/\/broachingmach.com\/es\/wp-json\/wp\/v2\/comments?post=2758"}],"version-history":[{"count":29,"href":"https:\/\/broachingmach.com\/es\/wp-json\/wp\/v2\/pages\/2758\/revisions"}],"predecessor-version":[{"id":2856,"href":"https:\/\/broachingmach.com\/es\/wp-json\/wp\/v2\/pages\/2758\/revisions\/2856"}],"up":[{"embeddable":true,"href":"https:\/\/broachingmach.com\/es\/wp-json\/wp\/v2\/pages\/1652"}],"wp:attachment":[{"href":"https:\/\/broachingmach.com\/es\/wp-json\/wp\/v2\/media?parent=2758"}],"curies":[{"name":"wp","href":"https:\/\/api.w.org\/{rel}","templated":true}]}}