{"id":2760,"date":"2024-05-24T06:13:31","date_gmt":"2024-05-24T06:13:31","guid":{"rendered":"https:\/\/broachingmach.com\/?page_id=2760"},"modified":"2024-05-24T06:18:58","modified_gmt":"2024-05-24T06:18:58","slug":"cnc-spiral-internal-broaching-machine","status":"publish","type":"page","link":"https:\/\/broachingmach.com\/fr\/servo-broaching-machine\/cnc-spiral-internal-broaching-machine\/","title":{"rendered":"Machine \u00e0 brocher interne \u00e0 spirale CNC"},"content":{"rendered":"<div data-elementor-type=\"wp-page\" data-elementor-id=\"2760\" class=\"elementor elementor-2760\" data-elementor-post-type=\"page\">\n\t\t\t\t<div class=\"elementor-element elementor-element-632999e e-flex e-con-boxed e-con e-parent\" data-id=\"632999e\" data-element_type=\"container\" data-e-type=\"container\" data-settings=\"{&quot;background_background&quot;:&quot;classic&quot;}\">\n\t\t\t\t\t<div class=\"e-con-inner\">\n\t\t<div class=\"elementor-element elementor-element-49c9c60a e-con-full e-flex e-con e-child\" data-id=\"49c9c60a\" data-element_type=\"container\" data-e-type=\"container\">\n\t\t\t\t<div class=\"elementor-element elementor-element-4802910 elementor-widget elementor-widget-heading\" data-id=\"4802910\" data-element_type=\"widget\" data-e-type=\"widget\" data-widget_type=\"heading.default\">\n\t\t\t\t<div class=\"elementor-widget-container\">\n\t\t\t\t\t<h1 class=\"elementor-heading-title elementor-size-default\">Machine \u00e0 brocher interne \u00e0 spirale CNC<\/h1>\t\t\t\t<\/div>\n\t\t\t\t<\/div>\n\t\t\t\t<\/div>\n\t\t\t\t\t<\/div>\n\t\t\t\t<\/div>\n\t\t<div class=\"elementor-element elementor-element-24bae1f e-flex e-con-boxed e-con e-parent\" data-id=\"24bae1f\" data-element_type=\"container\" data-e-type=\"container\" data-settings=\"{&quot;background_background&quot;:&quot;classic&quot;}\">\n\t\t\t\t\t<div class=\"e-con-inner\">\n\t\t<div class=\"elementor-element elementor-element-2d36c742 e-con-full e-flex e-con e-child\" data-id=\"2d36c742\" data-element_type=\"container\" data-e-type=\"container\">\n\t\t\t\t<div class=\"elementor-element elementor-element-25c6dcc1 elementor-widget elementor-widget-breadcrumbs\" data-id=\"25c6dcc1\" data-element_type=\"widget\" data-e-type=\"widget\" data-widget_type=\"breadcrumbs.default\">\n\t\t\t\t<div class=\"elementor-widget-container\">\n\t\t\t\t\t<nav aria-label=\"chapelure\" class=\"rank-math-breadcrumb\"><p><span class=\"last\">Accueil<\/span><\/p><\/nav>\t\t\t\t<\/div>\n\t\t\t\t<\/div>\n\t\t\t\t<\/div>\n\t\t\t\t\t<\/div>\n\t\t\t\t<\/div>\n\t\t<div class=\"elementor-element elementor-element-4638a515 e-flex e-con-boxed e-con e-parent\" data-id=\"4638a515\" data-element_type=\"container\" data-e-type=\"container\" data-settings=\"{&quot;background_background&quot;:&quot;classic&quot;}\">\n\t\t\t\t\t<div class=\"e-con-inner\">\n\t\t<div class=\"elementor-element elementor-element-49fc82fe e-con-full e-flex e-con e-child\" data-id=\"49fc82fe\" data-element_type=\"container\" data-e-type=\"container\">\n\t\t\t\t<div class=\"elementor-element elementor-element-443f3d3e elementor-widget__width-initial elementor-widget elementor-widget-image\" data-id=\"443f3d3e\" data-element_type=\"widget\" data-e-type=\"widget\" data-widget_type=\"image.default\">\n\t\t\t\t<div class=\"elementor-widget-container\">\n\t\t\t\t\t\t\t\t\t\t\t\t\t\t\t<img fetchpriority=\"high\" decoding=\"async\" width=\"1024\" height=\"768\" src=\"https:\/\/broachingmach.com\/wp-content\/uploads\/2024\/05\/92131ed5-1f6b-45a2-bed6-cb467e0c0027-1024x768.png\" class=\"elementor-animation-pulse-shrink attachment-large size-large wp-image-2906\" alt=\"CNC Spiral Internal Broaching Machine\" srcset=\"https:\/\/broachingmach.com\/wp-content\/uploads\/2024\/05\/92131ed5-1f6b-45a2-bed6-cb467e0c0027-1024x768.png 1024w, https:\/\/broachingmach.com\/wp-content\/uploads\/2024\/05\/92131ed5-1f6b-45a2-bed6-cb467e0c0027-300x225.png 300w, https:\/\/broachingmach.com\/wp-content\/uploads\/2024\/05\/92131ed5-1f6b-45a2-bed6-cb467e0c0027-768x576.png 768w, https:\/\/broachingmach.com\/wp-content\/uploads\/2024\/05\/92131ed5-1f6b-45a2-bed6-cb467e0c0027-1536x1152.png 1536w, https:\/\/broachingmach.com\/wp-content\/uploads\/2024\/05\/92131ed5-1f6b-45a2-bed6-cb467e0c0027.png 1600w\" sizes=\"(max-width: 1024px) 100vw, 1024px\" \/>\t\t\t\t\t\t\t\t\t\t\t\t\t\t\t<\/div>\n\t\t\t\t<\/div>\n\t\t\t\t<\/div>\n\t\t<div class=\"elementor-element elementor-element-77a776a0 e-con-full e-flex e-con e-child\" data-id=\"77a776a0\" data-element_type=\"container\" data-e-type=\"container\">\n\t\t\t\t<div class=\"elementor-element elementor-element-55fcd68f elementor-widget elementor-widget-heading\" data-id=\"55fcd68f\" data-element_type=\"widget\" data-e-type=\"widget\" data-widget_type=\"heading.default\">\n\t\t\t\t<div class=\"elementor-widget-container\">\n\t\t\t\t\t<h2 class=\"elementor-heading-title elementor-size-default\">Machine \u00e0 brocher interne \u00e0 spirale CNC<\/h2>\t\t\t\t<\/div>\n\t\t\t\t<\/div>\n\t\t\t\t<div class=\"elementor-element elementor-element-2112abfc elementor-widget elementor-widget-text-editor\" data-id=\"2112abfc\" data-element_type=\"widget\" data-e-type=\"widget\" data-widget_type=\"text-editor.default\">\n\t\t\t\t<div class=\"elementor-widget-container\">\n\t\t\t\t\t\t\t\t\t<div class=\"e_richText-44 s_title clearfix wd-scroll-animation wd-scroll-in wd-scrolled response-transition\">Principale application : traitement des dents internes, des cannelures et des pi\u00e8ces \u00e0 trous int\u00e9rieurs.<\/div><div class=\"e_container-23 s_layout response-transition\"><div class=\"cbox-23-0 p_item\">\u00a0<\/div><\/div>\t\t\t\t\t\t\t\t<\/div>\n\t\t\t\t<\/div>\n\t\t\t\t<div class=\"elementor-element elementor-element-69dac0c1 elementor-mobile-align-center elementor-widget elementor-widget-button\" data-id=\"69dac0c1\" data-element_type=\"widget\" data-e-type=\"widget\" data-widget_type=\"button.default\">\n\t\t\t\t<div class=\"elementor-widget-container\">\n\t\t\t\t\t\t\t\t\t<div class=\"elementor-button-wrapper\">\n\t\t\t\t\t<a class=\"elementor-button elementor-button-link elementor-size-sm\" href=\"#elementor-action%3Aaction%3Dpopup%3Aopen%26settings%3DeyJpZCI6IjE3NzMiLCJ0b2dnbGUiOmZhbHNlfQ%3D%3D\">\n\t\t\t\t\t\t<span class=\"elementor-button-content-wrapper\">\n\t\t\t\t\t\t\t\t\t<span class=\"elementor-button-text\">Obtenir un devis<\/span>\n\t\t\t\t\t<\/span>\n\t\t\t\t\t<\/a>\n\t\t\t\t<\/div>\n\t\t\t\t\t\t\t\t<\/div>\n\t\t\t\t<\/div>\n\t\t\t\t<\/div>\n\t\t\t\t\t<\/div>\n\t\t\t\t<\/div>\n\t\t<div class=\"elementor-element elementor-element-27517ca6 e-flex e-con-boxed e-con e-parent\" data-id=\"27517ca6\" data-element_type=\"container\" data-e-type=\"container\">\n\t\t\t\t\t<div class=\"e-con-inner\">\n\t\t<div class=\"elementor-element elementor-element-33b80d9b e-con-full e-flex e-con e-child\" data-id=\"33b80d9b\" data-element_type=\"container\" data-e-type=\"container\">\n\t\t\t\t<div class=\"elementor-element elementor-element-545b62ba elementor-widget elementor-widget-heading\" data-id=\"545b62ba\" data-element_type=\"widget\" data-e-type=\"widget\" data-widget_type=\"heading.default\">\n\t\t\t\t<div class=\"elementor-widget-container\">\n\t\t\t\t\t<h2 class=\"elementor-heading-title elementor-size-default\">Description des produits<\/h2>\t\t\t\t<\/div>\n\t\t\t\t<\/div>\n\t\t\t\t<div class=\"elementor-element elementor-element-34bc2a73 elementor-widget elementor-widget-text-editor\" data-id=\"34bc2a73\" data-element_type=\"widget\" data-e-type=\"widget\" data-widget_type=\"text-editor.default\">\n\t\t\t\t<div class=\"elementor-widget-container\">\n\t\t\t\t\t\t\t\t\t<p><strong>Principales applications :<\/strong>Le traitement des dents h\u00e9lico\u00efdales internes, des dents h\u00e9lico\u00efdales internes et des lignes h\u00e9lico\u00efdales est compatible avec le traitement des dents droites.<\/p><p><strong>Caract\u00e9ristiques :<\/strong>La broche est entra\u00een\u00e9e par un servomoteur simple ou double, le m\u00e9canisme de la vis est trait\u00e9 avec l'\u00e9limination du jeu, l'ensemble du contr\u00f4le en boucle ferm\u00e9e, la pr\u00e9cision du traitement est \u00e9lev\u00e9e, et l'angle de direction de la spirale est ajust\u00e9 num\u00e9riquement.<\/p><p><strong>Structure<\/strong><\/p><p>Brochage avec escorte compl\u00e8te, peut adopter une conception multi-stations ;<\/p><p>Type de traction verticale (pi\u00e8ce mobile).<\/p><p><strong>Param\u00e8tres techniques<\/strong><\/p><div class=\"table-responsive\"><table class=\"table table-hover table table-striped\" border=\"1\" width=\"100%\" cellspacing=\"0\" cellpadding=\"0\"><tbody><tr class=\"firstRow\"><td align=\"center\" valign=\"middle\"><strong>Mod\u00e8le<\/strong><\/td><td align=\"center\" valign=\"middle\"><strong>LSG8805<\/strong><\/td><td align=\"center\" valign=\"middle\"><strong>LSG8810<\/strong><\/td><td align=\"center\" valign=\"middle\"><strong>LSG8820<\/strong><\/td><td align=\"center\" valign=\"middle\"><strong>LSG8825<\/strong><\/td><td align=\"center\" valign=\"middle\"><strong>Unit\u00e9<\/strong><\/td><\/tr><tr><td align=\"center\" valign=\"middle\">Capacit\u00e9 de traction nominale<\/td><td align=\"center\" valign=\"middle\">50<\/td><td align=\"center\" valign=\"middle\">100<\/td><td align=\"center\" valign=\"middle\">200<\/td><td align=\"center\" valign=\"middle\">250<\/td><td align=\"center\" valign=\"middle\">KN<\/td><\/tr><tr><td align=\"center\" valign=\"middle\">Couple nominal<\/td><td align=\"center\" valign=\"middle\">45<\/td><td align=\"center\" valign=\"middle\">90<\/td><td align=\"center\" valign=\"middle\">160<\/td><td align=\"center\" valign=\"middle\">300<\/td><td align=\"center\" valign=\"middle\">nm<\/td><\/tr><tr><td align=\"center\" valign=\"middle\">Course nominale<\/td><td align=\"center\" valign=\"middle\">800<\/td><td align=\"center\" valign=\"middle\">1250<\/td><td align=\"center\" valign=\"middle\">1600<\/td><td align=\"center\" valign=\"middle\">2000<\/td><td align=\"center\" valign=\"middle\">mm<\/td><\/tr><tr><td align=\"center\" valign=\"middle\">Longueur maximale de la broche<\/td><td align=\"center\" valign=\"middle\">990<\/td><td align=\"center\" valign=\"middle\">1400<\/td><td align=\"center\" valign=\"middle\">1850<\/td><td align=\"center\" valign=\"middle\">2150<\/td><td align=\"center\" valign=\"middle\">mm<\/td><\/tr><tr><td align=\"center\" valign=\"middle\">Vitesse de coupe<\/td><td align=\"center\" valign=\"middle\">1-8<\/td><td align=\"center\" valign=\"middle\">1-8<\/td><td align=\"center\" valign=\"middle\">1-8<\/td><td align=\"center\" valign=\"middle\">1-8<\/td><td align=\"center\" valign=\"middle\">m\/min<\/td><\/tr><tr><td align=\"center\" valign=\"middle\">Vitesse de retour<\/td><td align=\"center\" valign=\"middle\">1-12<\/td><td align=\"center\" valign=\"middle\">1-12<\/td><td align=\"center\" valign=\"middle\">1-12<\/td><td align=\"center\" valign=\"middle\">1-12<\/td><td align=\"center\" valign=\"middle\">m\/min<\/td><\/tr><tr><td align=\"center\" valign=\"middle\">Vitesse d'alimentation<\/td><td align=\"center\" valign=\"middle\">1-5<\/td><td align=\"center\" valign=\"middle\">1-5<\/td><td align=\"center\" valign=\"middle\">1-5<\/td><td align=\"center\" valign=\"middle\">1-5<\/td><td align=\"center\" valign=\"middle\">m\/min<\/td><\/tr><tr><td align=\"center\" valign=\"middle\">Vitesse de levage<\/td><td align=\"center\" valign=\"middle\">1-10<\/td><td align=\"center\" valign=\"middle\">1-10<\/td><td align=\"center\" valign=\"middle\">1-10<\/td><td align=\"center\" valign=\"middle\">1-10<\/td><td align=\"center\" valign=\"middle\">m\/min<\/td><\/tr><tr><td align=\"center\" valign=\"middle\">Surface au sol de la machine (L\u00d7L\u00d7H)<\/td><td align=\"center\" valign=\"middle\">2800\u00d72900\u00d74600<\/td><td align=\"center\" valign=\"middle\">3000\u00d73100\u00d75300<\/td><td align=\"center\" valign=\"middle\">4500\u00d74320\u00d76100<\/td><td align=\"center\" valign=\"middle\">4500\u00d74320\u00d76800<\/td><td align=\"center\" valign=\"middle\">mm<\/td><\/tr><tr><td align=\"center\" valign=\"middle\">Poids net<\/td><td align=\"center\" valign=\"middle\">8500<\/td><td align=\"center\" valign=\"middle\">13500<\/td><td align=\"center\" valign=\"middle\">20500<\/td><td align=\"center\" valign=\"middle\">22000<\/td><td align=\"center\" valign=\"middle\">kg<\/td><\/tr><\/tbody><\/table><\/div><div class=\"table-responsive\">\u00a0<\/div>\t\t\t\t\t\t\t\t<\/div>\n\t\t\t\t<\/div>\n\t\t\t\t<\/div>\n\t\t\t\t\t<\/div>\n\t\t\t\t<\/div>\n\t\t\t\t<\/div>","protected":false},"excerpt":{"rendered":"<p>Machine de brochage interne en spirale CNC Accueil Machine de brochage interne en spirale CNC Application principale : dents internes, cannelures et pi\u00e8ces \u00e0 trous int\u00e9rieurs [...]<\/p>","protected":false},"author":1,"featured_media":0,"parent":1652,"menu_order":0,"comment_status":"closed","ping_status":"closed","template":"","meta":{"site-sidebar-layout":"no-sidebar","site-content-layout":"page-builder","ast-site-content-layout":"full-width-container","site-content-style":"default","site-sidebar-style":"default","ast-global-header-display":"","ast-banner-title-visibility":"","ast-main-header-display":"","ast-hfb-above-header-display":"","ast-hfb-below-header-display":"","ast-hfb-mobile-header-display":"","site-post-title":"disabled","ast-breadcrumbs-content":"","ast-featured-img":"disabled","footer-sml-layout":"","theme-transparent-header-meta":"","adv-header-id-meta":"","stick-header-meta":"","header-above-stick-meta":"","header-main-stick-meta":"","header-below-stick-meta":"","astra-migrate-meta-layouts":"set","ast-page-background-enabled":"default","ast-page-background-meta":{"desktop":{"background-color":"","background-image":"","background-repeat":"repeat","background-position":"center center","background-size":"auto","background-attachment":"scroll","background-type":"","background-media":"","overlay-type":"","overlay-color":"","overlay-opacity":"","overlay-gradient":""},"tablet":{"background-color":"","background-image":"","background-repeat":"repeat","background-position":"center center","background-size":"auto","background-attachment":"scroll","background-type":"","background-media":"","overlay-type":"","overlay-color":"","overlay-opacity":"","overlay-gradient":""},"mobile":{"background-color":"","background-image":"","background-repeat":"repeat","background-position":"center center","background-size":"auto","background-attachment":"scroll","background-type":"","background-media":"","overlay-type":"","overlay-color":"","overlay-opacity":"","overlay-gradient":""}},"ast-content-background-meta":{"desktop":{"background-color":"var(--ast-global-color-5)","background-image":"","background-repeat":"repeat","background-position":"center center","background-size":"auto","background-attachment":"scroll","background-type":"","background-media":"","overlay-type":"","overlay-color":"","overlay-opacity":"","overlay-gradient":""},"tablet":{"background-color":"var(--ast-global-color-5)","background-image":"","background-repeat":"repeat","background-position":"center center","background-size":"auto","background-attachment":"scroll","background-type":"","background-media":"","overlay-type":"","overlay-color":"","overlay-opacity":"","overlay-gradient":""},"mobile":{"background-color":"var(--ast-global-color-5)","background-image":"","background-repeat":"repeat","background-position":"center center","background-size":"auto","background-attachment":"scroll","background-type":"","background-media":"","overlay-type":"","overlay-color":"","overlay-opacity":"","overlay-gradient":""}},"footnotes":""},"class_list":["post-2760","page","type-page","status-publish","hentry"],"_links":{"self":[{"href":"https:\/\/broachingmach.com\/fr\/wp-json\/wp\/v2\/pages\/2760","targetHints":{"allow":["GET"]}}],"collection":[{"href":"https:\/\/broachingmach.com\/fr\/wp-json\/wp\/v2\/pages"}],"about":[{"href":"https:\/\/broachingmach.com\/fr\/wp-json\/wp\/v2\/types\/page"}],"author":[{"embeddable":true,"href":"https:\/\/broachingmach.com\/fr\/wp-json\/wp\/v2\/users\/1"}],"replies":[{"embeddable":true,"href":"https:\/\/broachingmach.com\/fr\/wp-json\/wp\/v2\/comments?post=2760"}],"version-history":[{"count":16,"href":"https:\/\/broachingmach.com\/fr\/wp-json\/wp\/v2\/pages\/2760\/revisions"}],"predecessor-version":[{"id":2923,"href":"https:\/\/broachingmach.com\/fr\/wp-json\/wp\/v2\/pages\/2760\/revisions\/2923"}],"up":[{"embeddable":true,"href":"https:\/\/broachingmach.com\/fr\/wp-json\/wp\/v2\/pages\/1652"}],"wp:attachment":[{"href":"https:\/\/broachingmach.com\/fr\/wp-json\/wp\/v2\/media?parent=2760"}],"curies":[{"name":"wp","href":"https:\/\/api.w.org\/{rel}","templated":true}]}}