{"id":2959,"date":"2024-05-24T07:02:25","date_gmt":"2024-05-24T07:02:25","guid":{"rendered":"https:\/\/broachingmach.com\/?page_id=2959"},"modified":"2025-04-10T10:37:18","modified_gmt":"2025-04-10T02:37:18","slug":"hydraulic-pull-down-internal-broaching-machine","status":"publish","type":"page","link":"https:\/\/broachingmach.com\/fr\/hydraulic-broaching-machine\/hydraulic-pull-down-internal-broaching-machine\/","title":{"rendered":"Machine \u00e0 brocher interne \u00e0 tirage hydraulique"},"content":{"rendered":"<div data-elementor-type=\"wp-page\" data-elementor-id=\"2959\" class=\"elementor elementor-2959\" data-elementor-post-type=\"page\">\n\t\t\t\t<div class=\"elementor-element elementor-element-6c95caed e-flex e-con-boxed e-con e-parent\" data-id=\"6c95caed\" data-element_type=\"container\" data-e-type=\"container\" data-settings=\"{&quot;background_background&quot;:&quot;classic&quot;}\">\n\t\t\t\t\t<div class=\"e-con-inner\">\n\t\t<div class=\"elementor-element elementor-element-6daf11d4 e-con-full e-flex e-con e-child\" data-id=\"6daf11d4\" data-element_type=\"container\" data-e-type=\"container\">\n\t\t\t\t<div class=\"elementor-element elementor-element-4ecae0a0 elementor-widget elementor-widget-heading\" data-id=\"4ecae0a0\" data-element_type=\"widget\" data-e-type=\"widget\" data-widget_type=\"heading.default\">\n\t\t\t\t<div class=\"elementor-widget-container\">\n\t\t\t\t\t<h1 class=\"elementor-heading-title elementor-size-default\">Machine \u00e0 brocher interne \u00e0 traction servocommand\u00e9e<\/h1>\t\t\t\t<\/div>\n\t\t\t\t<\/div>\n\t\t\t\t<\/div>\n\t\t\t\t\t<\/div>\n\t\t\t\t<\/div>\n\t\t<div class=\"elementor-element elementor-element-784b7fbc e-flex e-con-boxed e-con e-parent\" data-id=\"784b7fbc\" data-element_type=\"container\" data-e-type=\"container\" data-settings=\"{&quot;background_background&quot;:&quot;classic&quot;}\">\n\t\t\t\t\t<div class=\"e-con-inner\">\n\t\t<div class=\"elementor-element elementor-element-40aece31 e-con-full e-flex e-con e-child\" data-id=\"40aece31\" data-element_type=\"container\" data-e-type=\"container\">\n\t\t\t\t<div class=\"elementor-element elementor-element-443caded elementor-widget elementor-widget-breadcrumbs\" data-id=\"443caded\" data-element_type=\"widget\" data-e-type=\"widget\" data-widget_type=\"breadcrumbs.default\">\n\t\t\t\t<div class=\"elementor-widget-container\">\n\t\t\t\t\t<nav aria-label=\"chapelure\" class=\"rank-math-breadcrumb\"><p><span class=\"last\">Accueil<\/span><\/p><\/nav>\t\t\t\t<\/div>\n\t\t\t\t<\/div>\n\t\t\t\t<\/div>\n\t\t\t\t\t<\/div>\n\t\t\t\t<\/div>\n\t\t<div class=\"elementor-element elementor-element-3d0cadbc e-flex e-con-boxed e-con e-parent\" data-id=\"3d0cadbc\" data-element_type=\"container\" data-e-type=\"container\" data-settings=\"{&quot;background_background&quot;:&quot;classic&quot;}\">\n\t\t\t\t\t<div class=\"e-con-inner\">\n\t\t<div class=\"elementor-element elementor-element-30b9967d e-con-full e-flex e-con e-child\" data-id=\"30b9967d\" data-element_type=\"container\" data-e-type=\"container\">\n\t\t\t\t<div class=\"elementor-element elementor-element-33b3946a elementor-widget__width-initial elementor-widget elementor-widget-image\" data-id=\"33b3946a\" data-element_type=\"widget\" data-e-type=\"widget\" data-widget_type=\"image.default\">\n\t\t\t\t<div class=\"elementor-widget-container\">\n\t\t\t\t\t\t\t\t\t\t\t\t\t\t\t<img fetchpriority=\"high\" decoding=\"async\" width=\"800\" height=\"600\" src=\"https:\/\/broachingmach.com\/wp-content\/uploads\/2024\/05\/e4df351f-8029-4acd-aaba-d2ff5b3b8645.jpg\" class=\"elementor-animation-pulse-shrink attachment-large size-large wp-image-2985\" alt=\"Hydraulic Pull-Down Internal Broaching Machine\" srcset=\"https:\/\/broachingmach.com\/wp-content\/uploads\/2024\/05\/e4df351f-8029-4acd-aaba-d2ff5b3b8645.jpg 800w, https:\/\/broachingmach.com\/wp-content\/uploads\/2024\/05\/e4df351f-8029-4acd-aaba-d2ff5b3b8645-300x225.jpg 300w, https:\/\/broachingmach.com\/wp-content\/uploads\/2024\/05\/e4df351f-8029-4acd-aaba-d2ff5b3b8645-768x576.jpg 768w\" sizes=\"(max-width: 800px) 100vw, 800px\" \/>\t\t\t\t\t\t\t\t\t\t\t\t\t\t\t<\/div>\n\t\t\t\t<\/div>\n\t\t\t\t<\/div>\n\t\t<div class=\"elementor-element elementor-element-52160644 e-con-full e-flex e-con e-child\" data-id=\"52160644\" data-element_type=\"container\" data-e-type=\"container\">\n\t\t\t\t<div class=\"elementor-element elementor-element-1d66fadb elementor-widget elementor-widget-heading\" data-id=\"1d66fadb\" data-element_type=\"widget\" data-e-type=\"widget\" data-widget_type=\"heading.default\">\n\t\t\t\t<div class=\"elementor-widget-container\">\n\t\t\t\t\t<h2 class=\"elementor-heading-title elementor-size-default\">Machine \u00e0 brocher interne \u00e0 traction servocommand\u00e9e<\/h2>\t\t\t\t<\/div>\n\t\t\t\t<\/div>\n\t\t\t\t<div class=\"elementor-element elementor-element-5ef53088 elementor-widget elementor-widget-text-editor\" data-id=\"5ef53088\" data-element_type=\"widget\" data-e-type=\"widget\" data-widget_type=\"text-editor.default\">\n\t\t\t\t<div class=\"elementor-widget-container\">\n\t\t\t\t\t\t\t\t\t<div class=\"e_richText-44 s_title clearfix wd-scroll-animation wd-scroll-in wd-scrolled response-transition\">Principale application : traitement des dents internes, des cannelures et des pi\u00e8ces \u00e0 trous int\u00e9rieurs.<\/div><div class=\"e_container-23 s_layout response-transition\"><div class=\"cbox-23-0 p_item\">\u00a0<\/div><\/div>\t\t\t\t\t\t\t\t<\/div>\n\t\t\t\t<\/div>\n\t\t\t\t<div class=\"elementor-element elementor-element-54b6a58c elementor-mobile-align-center elementor-widget elementor-widget-button\" data-id=\"54b6a58c\" data-element_type=\"widget\" data-e-type=\"widget\" data-widget_type=\"button.default\">\n\t\t\t\t<div class=\"elementor-widget-container\">\n\t\t\t\t\t\t\t\t\t<div class=\"elementor-button-wrapper\">\n\t\t\t\t\t<a class=\"elementor-button elementor-button-link elementor-size-sm\" href=\"#elementor-action%3Aaction%3Dpopup%3Aopen%26settings%3DeyJpZCI6IjE3NzMiLCJ0b2dnbGUiOmZhbHNlfQ%3D%3D\">\n\t\t\t\t\t\t<span class=\"elementor-button-content-wrapper\">\n\t\t\t\t\t\t\t\t\t<span class=\"elementor-button-text\">Obtenir un devis<\/span>\n\t\t\t\t\t<\/span>\n\t\t\t\t\t<\/a>\n\t\t\t\t<\/div>\n\t\t\t\t\t\t\t\t<\/div>\n\t\t\t\t<\/div>\n\t\t\t\t<\/div>\n\t\t\t\t\t<\/div>\n\t\t\t\t<\/div>\n\t\t<div class=\"elementor-element elementor-element-5a072be2 e-flex e-con-boxed e-con e-parent\" data-id=\"5a072be2\" data-element_type=\"container\" data-e-type=\"container\">\n\t\t\t\t\t<div class=\"e-con-inner\">\n\t\t<div class=\"elementor-element elementor-element-7be5a6 e-con-full e-flex e-con e-child\" data-id=\"7be5a6\" data-element_type=\"container\" data-e-type=\"container\">\n\t\t\t\t<div class=\"elementor-element elementor-element-7953c830 elementor-widget elementor-widget-heading\" data-id=\"7953c830\" data-element_type=\"widget\" data-e-type=\"widget\" data-widget_type=\"heading.default\">\n\t\t\t\t<div class=\"elementor-widget-container\">\n\t\t\t\t\t<h2 class=\"elementor-heading-title elementor-size-default\">Description des produits<\/h2>\t\t\t\t<\/div>\n\t\t\t\t<\/div>\n\t\t\t\t<div class=\"elementor-element elementor-element-17e95d85 elementor-widget elementor-widget-text-editor\" data-id=\"17e95d85\" data-element_type=\"widget\" data-e-type=\"widget\" data-widget_type=\"text-editor.default\">\n\t\t\t\t<div class=\"elementor-widget-container\">\n\t\t\t\t\t\t\t\t\t<p><strong>Param\u00e8tres techniques<\/strong><\/p><div class=\"table-responsive\"><table class=\"table table-hover table table-striped\" border=\"1\" width=\"100%\" cellspacing=\"0\" cellpadding=\"0\"><tbody><tr class=\"firstRow\"><td align=\"center\" valign=\"middle\"><strong>Mod\u00e8le<\/strong><\/td><td align=\"center\" valign=\"middle\"><strong>L5105F<\/strong><\/td><td align=\"center\" valign=\"middle\"><strong>L5110F<\/strong><\/td><td align=\"center\" valign=\"middle\"><strong>L5120F<\/strong><\/td><td align=\"center\" valign=\"middle\"><strong>L5140F<\/strong><\/td><td align=\"center\" valign=\"middle\"><strong>Unit\u00e9<\/strong><\/td><\/tr><tr><td align=\"center\" valign=\"middle\">Rated broaching force<\/td><td align=\"center\" valign=\"middle\">50<\/td><td align=\"center\" valign=\"middle\">100<\/td><td align=\"center\" valign=\"middle\">200<\/td><td align=\"center\" valign=\"middle\">400<\/td><td align=\"center\" valign=\"middle\">KN<\/td><\/tr><tr><td align=\"center\" valign=\"middle\">Max stroke lengt<\/td><td align=\"center\" valign=\"middle\">800<\/td><td align=\"center\" valign=\"middle\">1250<\/td><td align=\"center\" valign=\"middle\">1600<\/td><td align=\"center\" valign=\"middle\">2000<\/td><td align=\"center\" valign=\"middle\">mm<\/td><\/tr><tr><td align=\"center\" valign=\"middle\">Range of broaching tool length<\/td><td align=\"center\" valign=\"middle\">300-918<\/td><td align=\"center\" valign=\"middle\">350-1400<\/td><td align=\"center\" valign=\"middle\">600-1800<\/td><td align=\"center\" valign=\"middle\">800-2200<\/td><td align=\"center\" valign=\"middle\">mm<\/td><\/tr><tr><td align=\"center\" valign=\"middle\">Floor area and height(L\u00d7W\u00d7H)<\/td><td align=\"center\" valign=\"middle\">2150\u00d72600\u00d73300<\/td><td align=\"center\" valign=\"middle\">3305\u00d72400\u00d74175<\/td><td align=\"center\" valign=\"middle\">3995\u00d72520\u00d75200<\/td><td align=\"center\" valign=\"middle\">3810\u00d73915\u00d76640<\/td><td align=\"center\" valign=\"middle\">mm<\/td><\/tr><tr><td align=\"center\" valign=\"middle\">Poids net<\/td><td align=\"center\" valign=\"middle\">6000<\/td><td align=\"center\" valign=\"middle\">9500<\/td><td align=\"center\" valign=\"middle\">15000<\/td><td align=\"center\" valign=\"middle\">26000<\/td><td align=\"center\" valign=\"middle\">kg<\/td><\/tr><\/tbody><\/table><\/div><div class=\"table-responsive\">\u00a0<\/div>\t\t\t\t\t\t\t\t<\/div>\n\t\t\t\t<\/div>\n\t\t\t\t<\/div>\n\t\t\t\t\t<\/div>\n\t\t\t\t<\/div>\n\t\t\t\t<\/div>","protected":false},"excerpt":{"rendered":"<p>Servo Pull-Down Internal Broaching Machine Home Servo Pull-Down Internal Broaching Machine Main application: internal teeth, spline and inner hole parts [&hellip;]<\/p>","protected":false},"author":1,"featured_media":0,"parent":1646,"menu_order":0,"comment_status":"closed","ping_status":"closed","template":"","meta":{"site-sidebar-layout":"no-sidebar","site-content-layout":"page-builder","ast-site-content-layout":"full-width-container","site-content-style":"default","site-sidebar-style":"default","ast-global-header-display":"","ast-banner-title-visibility":"","ast-main-header-display":"","ast-hfb-above-header-display":"","ast-hfb-below-header-display":"","ast-hfb-mobile-header-display":"","site-post-title":"disabled","ast-breadcrumbs-content":"","ast-featured-img":"disabled","footer-sml-layout":"","theme-transparent-header-meta":"","adv-header-id-meta":"","stick-header-meta":"","header-above-stick-meta":"","header-main-stick-meta":"","header-below-stick-meta":"","astra-migrate-meta-layouts":"set","ast-page-background-enabled":"default","ast-page-background-meta":{"desktop":{"background-color":"","background-image":"","background-repeat":"repeat","background-position":"center center","background-size":"auto","background-attachment":"scroll","background-type":"","background-media":"","overlay-type":"","overlay-color":"","overlay-opacity":"","overlay-gradient":""},"tablet":{"background-color":"","background-image":"","background-repeat":"repeat","background-position":"center center","background-size":"auto","background-attachment":"scroll","background-type":"","background-media":"","overlay-type":"","overlay-color":"","overlay-opacity":"","overlay-gradient":""},"mobile":{"background-color":"","background-image":"","background-repeat":"repeat","background-position":"center center","background-size":"auto","background-attachment":"scroll","background-type":"","background-media":"","overlay-type":"","overlay-color":"","overlay-opacity":"","overlay-gradient":""}},"ast-content-background-meta":{"desktop":{"background-color":"var(--ast-global-color-5)","background-image":"","background-repeat":"repeat","background-position":"center center","background-size":"auto","background-attachment":"scroll","background-type":"","background-media":"","overlay-type":"","overlay-color":"","overlay-opacity":"","overlay-gradient":""},"tablet":{"background-color":"var(--ast-global-color-5)","background-image":"","background-repeat":"repeat","background-position":"center center","background-size":"auto","background-attachment":"scroll","background-type":"","background-media":"","overlay-type":"","overlay-color":"","overlay-opacity":"","overlay-gradient":""},"mobile":{"background-color":"var(--ast-global-color-5)","background-image":"","background-repeat":"repeat","background-position":"center center","background-size":"auto","background-attachment":"scroll","background-type":"","background-media":"","overlay-type":"","overlay-color":"","overlay-opacity":"","overlay-gradient":""}},"footnotes":""},"class_list":["post-2959","page","type-page","status-publish","hentry"],"_links":{"self":[{"href":"https:\/\/broachingmach.com\/fr\/wp-json\/wp\/v2\/pages\/2959","targetHints":{"allow":["GET"]}}],"collection":[{"href":"https:\/\/broachingmach.com\/fr\/wp-json\/wp\/v2\/pages"}],"about":[{"href":"https:\/\/broachingmach.com\/fr\/wp-json\/wp\/v2\/types\/page"}],"author":[{"embeddable":true,"href":"https:\/\/broachingmach.com\/fr\/wp-json\/wp\/v2\/users\/1"}],"replies":[{"embeddable":true,"href":"https:\/\/broachingmach.com\/fr\/wp-json\/wp\/v2\/comments?post=2959"}],"version-history":[{"count":7,"href":"https:\/\/broachingmach.com\/fr\/wp-json\/wp\/v2\/pages\/2959\/revisions"}],"predecessor-version":[{"id":5735,"href":"https:\/\/broachingmach.com\/fr\/wp-json\/wp\/v2\/pages\/2959\/revisions\/5735"}],"up":[{"embeddable":true,"href":"https:\/\/broachingmach.com\/fr\/wp-json\/wp\/v2\/pages\/1646"}],"wp:attachment":[{"href":"https:\/\/broachingmach.com\/fr\/wp-json\/wp\/v2\/media?parent=2959"}],"curies":[{"name":"wp","href":"https:\/\/api.w.org\/{rel}","templated":true}]}}